{"id":3617,"date":"2017-10-20T10:44:28","date_gmt":"2017-10-20T08:44:28","guid":{"rendered":"https:\/\/msj.dk\/museum-soenderjylland\/"},"modified":"2025-10-27T11:23:39","modified_gmt":"2025-10-27T10:23:39","slug":"museum-soenderjylland-2","status":"publish","type":"page","link":"https:\/\/msj.dk\/en\/","title":{"rendered":"Museum S\u00f8nderjylland UK"},"content":{"rendered":"<div id=\"pl-3617\"  class=\"panel-layout\" ><div id=\"pg-3617-0\"  class=\"panel-grid panel-no-style\" ><div id=\"pgc-3617-0-0\"  class=\"panel-grid-cell\" ><div id=\"panel-3617-0-0-0\" class=\"so-panel widget widget_mtt-cover-museums panel-first-child panel-last-child\" data-index=\"0\" ><div\n\t\t\t\n\t\t\tclass=\"so-widget-mtt-cover-museums so-widget-mtt-cover-museums-base\"\n\t\t\t\n\t\t>\n<section class=\"mtt-cover-museums\">\n\n    <div class=\"mtt-cover-museums__inner page_container\">\n        <div class=\"mtt-cover-museums__text-container\">\n                            <h1 class=\"mtt-cover-museums__title bg-color\">\n                    <span class=\"c_prim_custom_background\">Museum <\/span><br><span class=\"c_prim_custom_background\"> S\u00f8nderjylland<\/span>                <\/h1>\n                                        <div class=\"mtt-cover-museums__text\">\n                    <span class=\"\">10 museums in Southern Jutland<\/span>                <\/div>\n            \n            \n            \n    <div class=\"button-section\">\n\n        \n                <a href=\"https:\/\/billet.msj.dk\/billetter\" class=\"button white-square\">Buy ticket<\/a>\n\n            \n    <\/div>\n\n        <\/div>\n    <\/div>\n\n            <div class=\"mtt-cover-museums__overlay default\" style=\"opacity: 0.2;\"><\/div>\n    \n    \n                    <div class=\"mtt-cover-museums__image-container object-fit\">\n                <img decoding=\"async\" width=\"2000\" height=\"1125\" src=\"https:\/\/msj.dk\/wp-content\/uploads\/2025\/10\/fc-og-det-underste-2000x1125.jpg\" class=\"attachment-2000x2000x size-2000x2000x\" alt=\"Kvinde st\u00e5r foran fire malerier i udstillingen Franciska Clausen og det underste land p\u00e5 Kunstmuseet Brundlund Sloot\" srcset=\"https:\/\/msj.dk\/wp-content\/uploads\/2025\/10\/fc-og-det-underste-2000x1125.jpg 2000w, https:\/\/msj.dk\/wp-content\/uploads\/2025\/10\/fc-og-det-underste-300x169.jpg 300w, https:\/\/msj.dk\/wp-content\/uploads\/2025\/10\/fc-og-det-underste-1024x576.jpg 1024w\" sizes=\"(max-width: 2000px) 100vw, 2000px\" \/>            <\/div>\n        \n    \n<\/section><\/div><\/div><\/div><\/div><div id=\"pg-3617-1\"  class=\"panel-grid panel-no-style\" ><div id=\"pgc-3617-1-0\"  class=\"panel-grid-cell\" ><div id=\"panel-3617-1-0-0\" class=\"so-panel widget widget_mtt-text-image-museums panel-first-child\" data-index=\"1\" ><div\n\t\t\t\n\t\t\tclass=\"so-widget-mtt-text-image-museums so-widget-mtt-text-image-museums-base\"\n\t\t\t\n\t\t>\n<section class=\"mtt-text-image-museums mtt-text-image-museums--image-right\">\n\n        <div class=\"mtt-text-image-museums__inner page_container\">\n            <div class=\"mtt-text-image-museums__text-container\">\n                                    <h2 class=\"mtt-text-image-museums__title bg-color\">\n                        <span class=\"c_secondary_custom_background\">Explore Museum <\/span><br><span class=\"c_secondary_custom_background\"> S\u00f8nderjylland <\/span>                    <\/h2>\n                                                    <div class=\"mtt-text-image-museums__text\"><p>Discover a world of knowledge, activities, and experiences for the whole family at Museum S\u00f8nderjylland\u2019s ten museums.<\/p>\n<p>Throughout the summer, our museums offer a diverse program with family-friendly activities. Go on a treasure hunt and get creative in our workshops.<\/p>\n<p>Whether you are interested in archaeology, art, history, or natural history, you will find engaging exhibitions and inspiring stories at our museums across Southern Jutland. Children under 18 have free admission.<\/p>\n<\/div>\n                                \n    <div class=\"button-section\">\n\n        \n                <a href=\"https:\/\/msj.dk\/en\/activities-for-families\/\" class=\"button default-square\">What's on<\/a>\n\n            \n    <\/div>\n\n            <\/div>\n\n            <div class=\"mtt-text-image-museums__image-container with-image with-graphics\">\n\n                <div class=\"image object-fit\">\n                    <img decoding=\"async\" width=\"657\" height=\"315\" src=\"https:\/\/msj.dk\/wp-content\/uploads\/2025\/05\/tilfoej-en-overskrift-28-1.jpg\" class=\"attachment-1200x1200x size-1200x1200x\" alt=\"A few people are seated around a table, observing a digital installation that displays cakes\" srcset=\"https:\/\/msj.dk\/wp-content\/uploads\/2025\/05\/tilfoej-en-overskrift-28-1.jpg 657w, https:\/\/msj.dk\/wp-content\/uploads\/2025\/05\/tilfoej-en-overskrift-28-1-300x144.jpg 300w\" sizes=\"(max-width: 657px) 100vw, 657px\" \/>                <\/div>\n\n                \n            <\/div>\n        <\/div>\n<\/section><\/div><\/div><div id=\"panel-3617-1-0-1\" class=\"so-panel widget widget_mtt-image-slider\" data-index=\"2\" ><div\n\t\t\t\n\t\t\tclass=\"so-widget-mtt-image-slider so-widget-mtt-image-slider-base\"\n\t\t\t\n\t\t><section class=\"mtt-image-slider\">\n    <div class=\"page_container\">\n        <div class=\"mtt-image-slider__inner\">\n\n                <div class=\"swiper-container\">\n                    <div class=\"swiper-wrapper\">\n\n                                            \n                                                                                            <a class=\"mtt-image-slider__repeater-item swiper-slide with-link\" href=\"https:\/\/msj.dk\/en\/cultural-history-toender\/\" >\n                            \n                                                                        <div class=\"mtt-image-slider__image-container object-fit\">\n                                            <img decoding=\"async\" width=\"564\" height=\"384\" src=\"https:\/\/msj.dk\/wp-content\/uploads\/2025\/10\/guld.jpg\" class=\"mtt-image-slider__image\" alt=\"\" srcset=\"https:\/\/msj.dk\/wp-content\/uploads\/2025\/10\/guld.jpg 564w, https:\/\/msj.dk\/wp-content\/uploads\/2025\/10\/guld-300x204.jpg 300w\" sizes=\"(max-width: 564px) 100vw, 564px\" \/>                                        <\/div>\n                                        <div class=\"mtt-image-slider__text-container\">\n                                            <div class=\"mtt-image-slider__text\"><\/div>\n                                            <p class=\"mtt-image-slider__desc\"><\/p>\n                                        <\/div>\n                                                                                                \n                                                            <\/a>\n                            \n                        \n                                                                                            <a class=\"mtt-image-slider__repeater-item swiper-slide with-link\" href=\"https:\/\/msj.dk\/en\/the-art-museum-in-toender\/\" >\n                            \n                                                                        <div class=\"mtt-image-slider__image-container object-fit\">\n                                            <img decoding=\"async\" width=\"423\" height=\"288\" src=\"https:\/\/msj.dk\/wp-content\/uploads\/2025\/05\/kmt1.jpg\" class=\"mtt-image-slider__image\" alt=\"A couple is sitting on a bench, and a young woman stands next to them. They are all admiring artwork by Anette Abrahamsson at the Art Museum in T\u00f8nder\" srcset=\"https:\/\/msj.dk\/wp-content\/uploads\/2025\/05\/kmt1.jpg 423w, https:\/\/msj.dk\/wp-content\/uploads\/2025\/05\/kmt1-300x204.jpg 300w\" sizes=\"(max-width: 423px) 100vw, 423px\" \/>                                        <\/div>\n                                        <div class=\"mtt-image-slider__text-container\">\n                                            <div class=\"mtt-image-slider__text\"><\/div>\n                                            <p class=\"mtt-image-slider__desc\"><\/p>\n                                        <\/div>\n                                                                                                \n                                                            <\/a>\n                            \n                        \n                                                                                            <a class=\"mtt-image-slider__repeater-item swiper-slide with-link\" href=\"https:\/\/msj.dk\/en\/archaeology\/\" >\n                            \n                                                                        <div class=\"mtt-image-slider__image-container object-fit\">\n                                            <img decoding=\"async\" width=\"564\" height=\"384\" src=\"https:\/\/msj.dk\/wp-content\/uploads\/2025\/10\/5.jpg\" class=\"mtt-image-slider__image\" alt=\"\" srcset=\"https:\/\/msj.dk\/wp-content\/uploads\/2025\/10\/5.jpg 564w, https:\/\/msj.dk\/wp-content\/uploads\/2025\/10\/5-300x204.jpg 300w\" sizes=\"(max-width: 564px) 100vw, 564px\" \/>                                        <\/div>\n                                        <div class=\"mtt-image-slider__text-container\">\n                                            <div class=\"mtt-image-slider__text\"><\/div>\n                                            <p class=\"mtt-image-slider__desc\"><\/p>\n                                        <\/div>\n                                                                                                \n                                                            <\/a>\n                            \n                                            \n                    <\/div>\n                <\/div>\n\n        <\/div>\n    <\/div>\n<\/section><\/div><\/div><div id=\"panel-3617-1-0-2\" class=\"so-panel widget widget_mtt-text-image-museums panel-last-child\" data-index=\"3\" ><div\n\t\t\t\n\t\t\tclass=\"so-widget-mtt-text-image-museums so-widget-mtt-text-image-museums-base\"\n\t\t\t\n\t\t>\n<section class=\"mtt-text-image-museums mtt-text-image-museums--image-right\">\n\n        <div class=\"mtt-text-image-museums__inner page_container\">\n            <div class=\"mtt-text-image-museums__text-container\">\n                                    <h2 class=\"mtt-text-image-museums__title bg-color\">\n                        <span class=\"c_secondary_custom_background\">A museum for <\/span><br><span class=\"c_secondary_custom_background\"> the entire region<\/span>                    <\/h2>\n                                                    <div class=\"mtt-text-image-museums__text\"><p>Museum S\u00f8nderjylland's 10 venues, museums and cultural heritage sites offer experiences and information within a subject range spanning archaeology, art, history and natural history.<\/p>\n<p>At S\u00f8nderborg Castle you will be told the tale of the dukes, the (Schleswig) wars and the Reunification in 1920. In T\u00f8nder you can experience Northern European art in a fascinating interplay with the finest crafts from the 17th century to the present day. In Aabenraa you encounter Southern Jutland art in Southern Jutland's smallest and most charming castle, and in Gram you can take the whole family fossil hunting, looking for 10-million-year-old fossils.<\/p>\n<p>Children under 18 have free admission to our ten museums.<\/p>\n<p>Welcome to a world of experiences, activities and knowledge in the whole of Southern Jutland.<\/p>\n<\/div>\n                                \n    <div class=\"button-section\">\n\n        \n                <a href=\"https:\/\/billet.msj.dk\/billetter\" class=\"button default-square\">Buy ticket<\/a>\n\n            \n    <\/div>\n\n            <\/div>\n\n            <div class=\"mtt-text-image-museums__image-container with-image with-graphics\">\n\n                <div class=\"image object-fit\">\n                    <img decoding=\"async\" width=\"657\" height=\"315\" src=\"https:\/\/msj.dk\/wp-content\/uploads\/2025\/04\/tilfoej-en-overskrift-16.jpg\" class=\"attachment-1200x1200x size-1200x1200x\" alt=\"\" srcset=\"https:\/\/msj.dk\/wp-content\/uploads\/2025\/04\/tilfoej-en-overskrift-16.jpg 657w, https:\/\/msj.dk\/wp-content\/uploads\/2025\/04\/tilfoej-en-overskrift-16-300x144.jpg 300w\" sizes=\"(max-width: 657px) 100vw, 657px\" \/>                <\/div>\n\n                \n            <\/div>\n        <\/div>\n<\/section><\/div><\/div><\/div><\/div><\/div>","protected":false},"excerpt":{"rendered":"<p>Museum S\u00f8nderjylland 10 museums in Southern Jutland Buy ticket Explore Museum S\u00f8nderjylland Discover a world of knowledge, activities, and experiences for the whole family at Museum S\u00f8nderjylland\u2019s ten museums. Throughout the summer, our museums offer a diverse program with family-friendly activities. Go on a treasure hunt and get creative in our workshops. Whether you are [&hellip;]<\/p>\n","protected":false},"author":2,"featured_media":0,"parent":0,"menu_order":0,"comment_status":"closed","ping_status":"closed","template":"","meta":{"_acf_changed":false,"inline_featured_image":false,"footnotes":""},"class_list":["post-3617","page","type-page","status-publish","hentry"],"acf":[],"yoast_head":"<!-- This site is optimized with the Yoast SEO plugin v27.2 - https:\/\/yoast.com\/product\/yoast-seo-wordpress\/ -->\n<title>Museum S\u00f8nderjylland - art, history, archaeology, and naturehistory<\/title>\n<meta name=\"description\" content=\"Visit Museum S\u00f8nderjylland \u2013 10 museums in Southern Jutland with activities, exhibitions, and knowledge for the whole family\" \/>\n<meta name=\"robots\" content=\"index, follow, max-snippet:-1, max-image-preview:large, max-video-preview:-1\" \/>\n<link rel=\"canonical\" href=\"https:\/\/msj.dk\/en\/\" \/>\n<meta property=\"og:locale\" content=\"en_US\" \/>\n<meta property=\"og:type\" content=\"article\" \/>\n<meta property=\"og:title\" content=\"Museum S\u00f8nderjylland - art, history, archaeology, and naturehistory\" \/>\n<meta property=\"og:description\" content=\"Visit Museum S\u00f8nderjylland \u2013 10 museums in Southern Jutland with activities, exhibitions, and knowledge for the whole family\" \/>\n<meta property=\"og:url\" content=\"https:\/\/msj.dk\/en\/\" \/>\n<meta property=\"og:site_name\" content=\"Museum S\u00f8nderjylland\" \/>\n<meta property=\"article:modified_time\" content=\"2025-10-27T10:23:39+00:00\" \/>\n<meta name=\"twitter:card\" content=\"summary_large_image\" \/>\n<meta name=\"twitter:label1\" content=\"Est. reading time\" \/>\n\t<meta name=\"twitter:data1\" content=\"3 minutes\" \/>\n<script type=\"application\/ld+json\" class=\"yoast-schema-graph\">{\"@context\":\"https:\/\/schema.org\",\"@graph\":[{\"@type\":\"WebPage\",\"@id\":\"https:\/\/msj.dk\/en\/\",\"url\":\"https:\/\/msj.dk\/en\/\",\"name\":\"Museum S\u00f8nderjylland - art, history, archaeology, and naturehistory\",\"isPartOf\":{\"@id\":\"https:\/\/msj.dk\/#website\"},\"datePublished\":\"2017-10-20T08:44:28+00:00\",\"dateModified\":\"2025-10-27T10:23:39+00:00\",\"description\":\"Visit Museum S\u00f8nderjylland \u2013 10 museums in Southern Jutland with activities, exhibitions, and knowledge for the whole family\",\"breadcrumb\":{\"@id\":\"https:\/\/msj.dk\/en\/#breadcrumb\"},\"inLanguage\":\"en-US\",\"potentialAction\":[{\"@type\":\"ReadAction\",\"target\":[\"https:\/\/msj.dk\/en\/\"]}]},{\"@type\":\"BreadcrumbList\",\"@id\":\"https:\/\/msj.dk\/en\/#breadcrumb\",\"itemListElement\":[{\"@type\":\"ListItem\",\"position\":1,\"name\":\"Hjem\",\"item\":\"https:\/\/msj.dk\/en\/\"},{\"@type\":\"ListItem\",\"position\":2,\"name\":\"Museum S\u00f8nderjylland UK\"}]},{\"@type\":\"WebSite\",\"@id\":\"https:\/\/msj.dk\/#website\",\"url\":\"https:\/\/msj.dk\/\",\"name\":\"Museum S\u00f8nderjylland\",\"description\":\"\",\"potentialAction\":[{\"@type\":\"SearchAction\",\"target\":{\"@type\":\"EntryPoint\",\"urlTemplate\":\"https:\/\/msj.dk\/?s={search_term_string}\"},\"query-input\":{\"@type\":\"PropertyValueSpecification\",\"valueRequired\":true,\"valueName\":\"search_term_string\"}}],\"inLanguage\":\"en-US\"}]}<\/script>\n<!-- \/ Yoast SEO plugin. -->","yoast_head_json":{"title":"Museum S\u00f8nderjylland - art, history, archaeology, and naturehistory","description":"Visit Museum S\u00f8nderjylland \u2013 10 museums in Southern Jutland with activities, exhibitions, and knowledge for the whole family","robots":{"index":"index","follow":"follow","max-snippet":"max-snippet:-1","max-image-preview":"max-image-preview:large","max-video-preview":"max-video-preview:-1"},"canonical":"https:\/\/msj.dk\/en\/","og_locale":"en_US","og_type":"article","og_title":"Museum S\u00f8nderjylland - art, history, archaeology, and naturehistory","og_description":"Visit Museum S\u00f8nderjylland \u2013 10 museums in Southern Jutland with activities, exhibitions, and knowledge for the whole family","og_url":"https:\/\/msj.dk\/en\/","og_site_name":"Museum S\u00f8nderjylland","article_modified_time":"2025-10-27T10:23:39+00:00","twitter_card":"summary_large_image","twitter_misc":{"Est. reading time":"3 minutes"},"schema":{"@context":"https:\/\/schema.org","@graph":[{"@type":"WebPage","@id":"https:\/\/msj.dk\/en\/","url":"https:\/\/msj.dk\/en\/","name":"Museum S\u00f8nderjylland - art, history, archaeology, and naturehistory","isPartOf":{"@id":"https:\/\/msj.dk\/#website"},"datePublished":"2017-10-20T08:44:28+00:00","dateModified":"2025-10-27T10:23:39+00:00","description":"Visit Museum S\u00f8nderjylland \u2013 10 museums in Southern Jutland with activities, exhibitions, and knowledge for the whole family","breadcrumb":{"@id":"https:\/\/msj.dk\/en\/#breadcrumb"},"inLanguage":"en-US","potentialAction":[{"@type":"ReadAction","target":["https:\/\/msj.dk\/en\/"]}]},{"@type":"BreadcrumbList","@id":"https:\/\/msj.dk\/en\/#breadcrumb","itemListElement":[{"@type":"ListItem","position":1,"name":"Hjem","item":"https:\/\/msj.dk\/en\/"},{"@type":"ListItem","position":2,"name":"Museum S\u00f8nderjylland UK"}]},{"@type":"WebSite","@id":"https:\/\/msj.dk\/#website","url":"https:\/\/msj.dk\/","name":"Museum S\u00f8nderjylland","description":"","potentialAction":[{"@type":"SearchAction","target":{"@type":"EntryPoint","urlTemplate":"https:\/\/msj.dk\/?s={search_term_string}"},"query-input":{"@type":"PropertyValueSpecification","valueRequired":true,"valueName":"search_term_string"}}],"inLanguage":"en-US"}]}},"_links":{"self":[{"href":"https:\/\/msj.dk\/en\/wp-json\/wp\/v2\/pages\/3617","targetHints":{"allow":["GET"]}}],"collection":[{"href":"https:\/\/msj.dk\/en\/wp-json\/wp\/v2\/pages"}],"about":[{"href":"https:\/\/msj.dk\/en\/wp-json\/wp\/v2\/types\/page"}],"author":[{"embeddable":true,"href":"https:\/\/msj.dk\/en\/wp-json\/wp\/v2\/users\/2"}],"replies":[{"embeddable":true,"href":"https:\/\/msj.dk\/en\/wp-json\/wp\/v2\/comments?post=3617"}],"version-history":[{"count":11,"href":"https:\/\/msj.dk\/en\/wp-json\/wp\/v2\/pages\/3617\/revisions"}],"predecessor-version":[{"id":32508,"href":"https:\/\/msj.dk\/en\/wp-json\/wp\/v2\/pages\/3617\/revisions\/32508"}],"wp:attachment":[{"href":"https:\/\/msj.dk\/en\/wp-json\/wp\/v2\/media?parent=3617"}],"curies":[{"name":"wp","href":"https:\/\/api.w.org\/{rel}","templated":true}]}}