{"id":3118,"date":"2017-12-18T22:13:34","date_gmt":"2017-12-18T21:13:34","guid":{"rendered":"https:\/\/msj.dk\/adresser\/"},"modified":"2023-03-22T14:57:29","modified_gmt":"2023-03-22T13:57:29","slug":"adresser","status":"publish","type":"page","link":"https:\/\/msj.dk\/en\/adresser\/","title":{"rendered":"Adresser"},"content":{"rendered":"<div id=\"pl-3118\"  class=\"panel-layout\" ><div id=\"pg-3118-0\"  class=\"panel-grid panel-no-style\" ><div id=\"pgc-3118-0-0\"  class=\"panel-grid-cell\" ><div id=\"panel-3118-0-0-0\" class=\"so-panel widget widget_sow-editor panel-first-child panel-last-child\" data-index=\"0\" ><div class=\"panel-widget-style panel-widget-style-for-3118-0-0-0\" ><div\n\t\t\t\n\t\t\tclass=\"so-widget-sow-editor so-widget-sow-editor-base\"\n\t\t\t\n\t\t><h3 class=\"widget-title\">Kontakt museet<\/h3>\n<div class=\"siteorigin-widget-tinymce textwidget\">\n\t<p>Du er velkomme til at skrive til Museum S\u00f8nderjylland p\u00e5 f\u00f8lgende mailadresse: <a href=\"mailto:kontakt@msj.dk\">kontakt@msj.dk<\/a><\/p>\n<p>Skriv til <a href=\"mailto:planer@msj.dk\">planer@msj.dk<\/a>, hvis du har brug for kontakt vedr\u00f8rende ark\u00e6ologiske opgaver. Du kan og\u00e5 benytte dig af <a href=\"https:\/\/msj.dk\/medarbejdere\/\">medarbejderoversigten<\/a>, hvis du ved hvilken medarbejdere du \u00f8nsker at kontakte.<\/p>\n<\/div>\n<\/div><\/div><\/div><\/div><\/div><div id=\"pg-3118-1\"  class=\"panel-grid panel-has-style\" ><div class=\"panel-row-style panel-row-style-for-3118-1\" ><div id=\"pgc-3118-1-0\"  class=\"panel-grid-cell\" ><div id=\"panel-3118-1-0-0\" class=\"so-panel widget widget_sow-editor panel-first-child panel-last-child\" data-index=\"1\" ><div\n\t\t\t\n\t\t\tclass=\"so-widget-sow-editor so-widget-sow-editor-base\"\n\t\t\t\n\t\t><h3 class=\"widget-title\">Sekretariatet<\/h3>\n<div class=\"siteorigin-widget-tinymce textwidget\">\n\t<p>Aastrupvej 48<\/p>\n<p>6100 Haderslev<\/p>\n<p><a href=\"tel:+4565370700\">Tlf.: 65 37 07 00<\/a><\/p>\n<p><a href=\"mailto:sekretariat@msj.dk\">sekretariat@msj.dk<\/a><\/p>\n<\/div>\n<\/div><\/div><\/div><div id=\"pgc-3118-1-1\"  class=\"panel-grid-cell\" ><div id=\"panel-3118-1-1-0\" class=\"so-panel widget widget_sow-editor panel-first-child panel-last-child\" data-index=\"2\" ><div\n\t\t\t\n\t\t\tclass=\"so-widget-sow-editor so-widget-sow-editor-base\"\n\t\t\t\n\t\t><h3 class=\"widget-title\">S\u00f8nderborg Slot<\/h3>\n<div class=\"siteorigin-widget-tinymce textwidget\">\n\t<p>S\u00f8nderbro 1<\/p>\n<p>6400 S\u00f8nderborg<\/p>\n<p><a href=\"tel:+4565370807\">Tlf.: 65 37 08 07<\/a><\/p>\n<p><a href=\"mailto:sonderborg@msj.dk\">sonderborg@msj.dk<\/a><\/p>\n<\/div>\n<\/div><\/div><\/div><div id=\"pgc-3118-1-2\"  class=\"panel-grid-cell\" ><div id=\"panel-3118-1-2-0\" class=\"so-panel widget widget_sow-editor panel-first-child panel-last-child\" data-index=\"3\" ><div\n\t\t\t\n\t\t\tclass=\"so-widget-sow-editor so-widget-sow-editor-base\"\n\t\t\t\n\t\t><h3 class=\"widget-title\">Museerne i T\u00f8nder<\/h3>\n<div class=\"siteorigin-widget-tinymce textwidget\">\n\t<p>Wegners Plads 1<\/p>\n<p>6270\u00a0T\u00f8nder<\/p>\n<p><a href=\"tel:+4565370808\">Tlf.: 65 37 08 08<\/a><\/p>\n<p><a href=\"mailto:toender@msj.dk\">toender@msj.dk<\/a><\/p>\n<\/div>\n<\/div><\/div><\/div><div id=\"pgc-3118-1-3\"  class=\"panel-grid-cell\" ><div id=\"panel-3118-1-3-0\" class=\"so-panel widget widget_sow-editor panel-first-child panel-last-child\" data-index=\"4\" ><div\n\t\t\t\n\t\t\tclass=\"so-widget-sow-editor so-widget-sow-editor-base\"\n\t\t\t\n\t\t><h3 class=\"widget-title\">Gram Lergrav - Pal\u00e6ontologi<\/h3>\n<div class=\"siteorigin-widget-tinymce textwidget\">\n\t<p>Lergravsvej 2<\/p>\n<p>6510 Gram<\/p>\n<p><a href=\"tel:+4565370806\">Tlf.: 65 37 08 06<\/a><\/p>\n<p><a href=\"mailto:gram@msj.dk\">gram@msj.dk<\/a><\/p>\n<\/div>\n<\/div><\/div><\/div><\/div><\/div><div id=\"pg-3118-2\"  class=\"panel-grid panel-has-style\" ><div class=\"panel-row-style panel-row-style-for-3118-2\" ><div id=\"pgc-3118-2-0\"  class=\"panel-grid-cell\" ><div id=\"panel-3118-2-0-0\" class=\"so-panel widget widget_sow-editor panel-first-child panel-last-child\" data-index=\"5\" ><div\n\t\t\t\n\t\t\tclass=\"so-widget-sow-editor so-widget-sow-editor-base\"\n\t\t\t\n\t\t><h3 class=\"widget-title\">Ark\u00e6ologi<\/h3>\n<div class=\"siteorigin-widget-tinymce textwidget\">\n\t<p>Dalgade 7<\/p>\n<p>6100 Haderslev<\/p>\n<p><a href=\"tel:+4565370801\">Tlf.: 65 37 08 10<\/a><\/p>\n<p><a href=\"mailto:haderslev@msj.dk\">haderslev@msj.dk<\/a><\/p>\n<\/div>\n<\/div><\/div><\/div><div id=\"pgc-3118-2-1\"  class=\"panel-grid-cell\" ><div id=\"panel-3118-2-1-0\" class=\"so-panel widget widget_sow-editor panel-first-child panel-last-child\" data-index=\"6\" ><div\n\t\t\t\n\t\t\tclass=\"so-widget-sow-editor so-widget-sow-editor-base\"\n\t\t\t\n\t\t><h3 class=\"widget-title\">Kunstmuseet Brundlund Slot<\/h3>\n<div class=\"siteorigin-widget-tinymce textwidget\">\n\t<p>Brundlund Slot 1<\/p>\n<p>6200\u00a0Aabenraa<\/p>\n<p><a href=\"tel:+4565370802\">Tlf.: 65 37 08 02<\/a><\/p>\n<p><a href=\"mailto:brundlund@msj.dk\">brundlund@msj.dk<\/a><\/p>\n<\/div>\n<\/div><\/div><\/div><div id=\"pgc-3118-2-2\"  class=\"panel-grid-cell\" ><div id=\"panel-3118-2-2-0\" class=\"so-panel widget widget_sow-editor panel-first-child panel-last-child\" data-index=\"7\" ><div\n\t\t\t\n\t\t\tclass=\"so-widget-sow-editor so-widget-sow-editor-base\"\n\t\t\t\n\t\t><h3 class=\"widget-title\">H\u00f8jer M\u00f8lle<\/h3>\n<div class=\"siteorigin-widget-tinymce textwidget\">\n\t<p>M\u00f8llegade 13<\/p>\n<p>6280 H\u00f8jer<\/p>\n<p><a href=\"tel:+4565370804\">Tlf.: 65 37 08 04<\/a><\/p>\n<p><a href=\"mailto:hoejer@msj.dk\">hoejer@msj.dk<\/a><\/p>\n<\/div>\n<\/div><\/div><\/div><div id=\"pgc-3118-2-3\"  class=\"panel-grid-cell\" ><div id=\"panel-3118-2-3-0\" class=\"so-panel widget widget_sow-editor panel-first-child panel-last-child\" data-index=\"8\" ><div\n\t\t\t\n\t\t\tclass=\"so-widget-sow-editor so-widget-sow-editor-base\"\n\t\t\t\n\t\t><h3 class=\"widget-title\">Cathrinesminde Teglv\u00e6rk<\/h3>\n<div class=\"siteorigin-widget-tinymce textwidget\">\n\t<p>Illerstrandvej 7<\/p>\n<p>6310 Broager<\/p>\n<p><a href=\"tel:+4565370803\">Tlf.: 65 37 08 03<\/a><\/p>\n<p><a href=\"mailto:cathrinesminde@msj.dk\">cathrinesminde@msj.dk<\/a><\/p>\n<\/div>\n<\/div><\/div><\/div><\/div><\/div><div id=\"pg-3118-3\"  class=\"panel-grid panel-has-style\" ><div class=\"panel-row-style panel-row-style-for-3118-3\" ><div id=\"pgc-3118-3-0\"  class=\"panel-grid-cell\" ><div id=\"panel-3118-3-0-0\" class=\"so-panel widget widget_sow-editor panel-first-child panel-last-child\" data-index=\"9\" ><div\n\t\t\t\n\t\t\tclass=\"so-widget-sow-editor so-widget-sow-editor-base\"\n\t\t\t\n\t\t><h3 class=\"widget-title\">Museum S\u00f8nderjyllands Mediearkiv<\/h3>\n<div class=\"siteorigin-widget-tinymce textwidget\">\n\t<p>Voldbrovej 5<\/p>\n<p>6230 R\u00f8dekro<\/p>\n<p><a href=\"tel:+4565370712\">Tlf.: 65 37 07 12<\/a><\/p>\n<p><a href=\"mailto:mediearkiv@msj.dk\">mediearkiv@msj.dk<\/a><\/p>\n<\/div>\n<\/div><\/div><\/div><div id=\"pgc-3118-3-1\"  class=\"panel-grid-cell\" ><div id=\"panel-3118-3-1-0\" class=\"so-panel widget widget_sow-editor panel-first-child panel-last-child\" data-index=\"10\" ><div\n\t\t\t\n\t\t\tclass=\"so-widget-sow-editor so-widget-sow-editor-base\"\n\t\t\t\n\t\t><h3 class=\"widget-title\">Bevaringscenter S\u00f8nderjylland<\/h3>\n<div class=\"siteorigin-widget-tinymce textwidget\">\n\t<p><b><i><\/i><\/b>Voldbrovej 5, Brunde<\/p>\n<p>6230 R\u00f8dekro<\/p>\n<p><a href=\"tel:+4565370711\">Tlf.: 65 37 07 11<\/a><\/p>\n<p><a href=\"mailto:bevaring@msj.dk\">bevaring@msj.dk<\/a><\/p>\n<\/div>\n<\/div><\/div><\/div><div id=\"pgc-3118-3-2\"  class=\"panel-grid-cell\" ><div id=\"panel-3118-3-2-0\" class=\"so-panel widget widget_sow-editor panel-first-child panel-last-child\" data-index=\"11\" ><div\n\t\t\t\n\t\t\tclass=\"so-widget-sow-editor so-widget-sow-editor-base\"\n\t\t\t\n\t\t><h3 class=\"widget-title\">Kulturhistorie Aabenraa<\/h3>\n<div class=\"siteorigin-widget-tinymce textwidget\">\n\t<p>H.P. Hanssens Gade 33<\/p>\n<p>6200 Aabenraa<\/p>\n<p><a href=\"tel:+4565370805\">Tlf.: 65 37 08 05<\/a><\/p>\n<p><a href=\"mailto:aabenraa@msj.dk\">aabenraa@msj.dk<\/a><\/p>\n<\/div>\n<\/div><\/div><\/div><div id=\"pgc-3118-3-3\"  class=\"panel-grid-cell\" ><div id=\"panel-3118-3-3-0\" class=\"so-panel widget widget_sow-editor panel-first-child panel-last-child\" data-index=\"12\" ><div\n\t\t\t\n\t\t\tclass=\"so-widget-sow-editor so-widget-sow-editor-base\"\n\t\t\t\n\t\t><h3 class=\"widget-title\">Dr\u00f8hses Hus<\/h3>\n<div class=\"siteorigin-widget-tinymce textwidget\">\n\t<p>Storegade 14<\/p>\n<p>6270 T\u00f8nder<\/p>\n<p><a href=\"tel:+4565370809\">Tlf.: 65 37 08 09<\/a><\/p>\n<p><a href=\"mailto:drohses@msj.dk\">drohses@msj.dk<\/a><\/p>\n<\/div>\n<\/div><\/div><\/div><\/div><\/div><\/div>","protected":false},"excerpt":{"rendered":"<p>Du er velkomme til at skrive til Museum S\u00f8nderjylland p\u00e5 f\u00f8lgende mailadresse: kontakt@msj.dk Skriv til planer@msj.dk, hvis du har brug for kontakt vedr\u00f8rende ark\u00e6ologiske opgaver. Du kan og\u00e5 benytte dig af medarbejderoversigten, hvis du ved hvilken medarbejdere du \u00f8nsker at kontakte. Aastrupvej 48 6100 Haderslev Tlf.: 65 37 07 00 sekretariat@msj.dk S\u00f8nderbro 1 6400 S\u00f8nderborg [&hellip;]<\/p>\n","protected":false},"author":2,"featured_media":1291,"parent":0,"menu_order":0,"comment_status":"closed","ping_status":"closed","template":"\/templates\/page-templates\/news.php","meta":{"_acf_changed":false,"inline_featured_image":false,"footnotes":""},"class_list":["post-3118","page","type-page","status-publish","has-post-thumbnail","hentry"],"acf":[],"yoast_head":"<!-- This site is optimized with the Yoast SEO plugin v27.2 - https:\/\/yoast.com\/product\/yoast-seo-wordpress\/ -->\n<title>Adresser - Museum S\u00f8nderjylland<\/title>\n<meta name=\"description\" content=\"Her finder du adresser samt kontaktoplysningerne til de forskellige museer...\" \/>\n<meta name=\"robots\" content=\"index, follow, max-snippet:-1, max-image-preview:large, max-video-preview:-1\" \/>\n<link rel=\"canonical\" href=\"https:\/\/msj.dk\/en\/adresser\/\" \/>\n<meta property=\"og:locale\" content=\"en_US\" \/>\n<meta property=\"og:type\" content=\"article\" \/>\n<meta property=\"og:title\" content=\"Adresser - Museum S\u00f8nderjylland\" \/>\n<meta property=\"og:description\" content=\"Her finder du adresser samt kontaktoplysningerne til de forskellige museer...\" \/>\n<meta property=\"og:url\" content=\"https:\/\/msj.dk\/en\/adresser\/\" \/>\n<meta property=\"og:site_name\" content=\"Museum S\u00f8nderjylland\" \/>\n<meta property=\"article:modified_time\" content=\"2023-03-22T13:57:29+00:00\" \/>\n<meta property=\"og:image\" content=\"https:\/\/msj.dk\/wp-content\/uploads\/2017\/12\/akh-cover-1.jpg\" \/>\n\t<meta property=\"og:image:width\" content=\"1980\" \/>\n\t<meta property=\"og:image:height\" content=\"700\" \/>\n\t<meta property=\"og:image:type\" content=\"image\/jpeg\" \/>\n<meta name=\"twitter:card\" content=\"summary_large_image\" \/>\n<meta name=\"twitter:label1\" content=\"Est. reading time\" \/>\n\t<meta name=\"twitter:data1\" content=\"1 minute\" \/>\n<script type=\"application\/ld+json\" class=\"yoast-schema-graph\">{\"@context\":\"https:\/\/schema.org\",\"@graph\":[{\"@type\":\"WebPage\",\"@id\":\"https:\/\/msj.dk\/en\/adresser\/\",\"url\":\"https:\/\/msj.dk\/en\/adresser\/\",\"name\":\"Adresser - Museum S\u00f8nderjylland\",\"isPartOf\":{\"@id\":\"https:\/\/msj.dk\/#website\"},\"primaryImageOfPage\":{\"@id\":\"https:\/\/msj.dk\/en\/adresser\/#primaryimage\"},\"image\":{\"@id\":\"https:\/\/msj.dk\/en\/adresser\/#primaryimage\"},\"thumbnailUrl\":\"https:\/\/msj.dk\/wp-content\/uploads\/2017\/12\/akh-cover-1.jpg\",\"datePublished\":\"2017-12-18T21:13:34+00:00\",\"dateModified\":\"2023-03-22T13:57:29+00:00\",\"description\":\"Her finder du adresser samt kontaktoplysningerne til de forskellige museer...\",\"breadcrumb\":{\"@id\":\"https:\/\/msj.dk\/en\/adresser\/#breadcrumb\"},\"inLanguage\":\"en-US\",\"potentialAction\":[{\"@type\":\"ReadAction\",\"target\":[\"https:\/\/msj.dk\/en\/adresser\/\"]}]},{\"@type\":\"ImageObject\",\"inLanguage\":\"en-US\",\"@id\":\"https:\/\/msj.dk\/en\/adresser\/#primaryimage\",\"url\":\"https:\/\/msj.dk\/wp-content\/uploads\/2017\/12\/akh-cover-1.jpg\",\"contentUrl\":\"https:\/\/msj.dk\/wp-content\/uploads\/2017\/12\/akh-cover-1.jpg\",\"width\":1980,\"height\":700},{\"@type\":\"BreadcrumbList\",\"@id\":\"https:\/\/msj.dk\/en\/adresser\/#breadcrumb\",\"itemListElement\":[{\"@type\":\"ListItem\",\"position\":1,\"name\":\"Hjem\",\"item\":\"https:\/\/msj.dk\/en\/\"},{\"@type\":\"ListItem\",\"position\":2,\"name\":\"Adresser\"}]},{\"@type\":\"WebSite\",\"@id\":\"https:\/\/msj.dk\/#website\",\"url\":\"https:\/\/msj.dk\/\",\"name\":\"Museum S\u00f8nderjylland\",\"description\":\"\",\"potentialAction\":[{\"@type\":\"SearchAction\",\"target\":{\"@type\":\"EntryPoint\",\"urlTemplate\":\"https:\/\/msj.dk\/?s={search_term_string}\"},\"query-input\":{\"@type\":\"PropertyValueSpecification\",\"valueRequired\":true,\"valueName\":\"search_term_string\"}}],\"inLanguage\":\"en-US\"}]}<\/script>\n<!-- \/ Yoast SEO plugin. -->","yoast_head_json":{"title":"Adresser - Museum S\u00f8nderjylland","description":"Her finder du adresser samt kontaktoplysningerne til de forskellige museer...","robots":{"index":"index","follow":"follow","max-snippet":"max-snippet:-1","max-image-preview":"max-image-preview:large","max-video-preview":"max-video-preview:-1"},"canonical":"https:\/\/msj.dk\/en\/adresser\/","og_locale":"en_US","og_type":"article","og_title":"Adresser - Museum S\u00f8nderjylland","og_description":"Her finder du adresser samt kontaktoplysningerne til de forskellige museer...","og_url":"https:\/\/msj.dk\/en\/adresser\/","og_site_name":"Museum S\u00f8nderjylland","article_modified_time":"2023-03-22T13:57:29+00:00","og_image":[{"width":1980,"height":700,"url":"https:\/\/msj.dk\/wp-content\/uploads\/2017\/12\/akh-cover-1.jpg","type":"image\/jpeg"}],"twitter_card":"summary_large_image","twitter_misc":{"Est. reading time":"1 minute"},"schema":{"@context":"https:\/\/schema.org","@graph":[{"@type":"WebPage","@id":"https:\/\/msj.dk\/en\/adresser\/","url":"https:\/\/msj.dk\/en\/adresser\/","name":"Adresser - Museum S\u00f8nderjylland","isPartOf":{"@id":"https:\/\/msj.dk\/#website"},"primaryImageOfPage":{"@id":"https:\/\/msj.dk\/en\/adresser\/#primaryimage"},"image":{"@id":"https:\/\/msj.dk\/en\/adresser\/#primaryimage"},"thumbnailUrl":"https:\/\/msj.dk\/wp-content\/uploads\/2017\/12\/akh-cover-1.jpg","datePublished":"2017-12-18T21:13:34+00:00","dateModified":"2023-03-22T13:57:29+00:00","description":"Her finder du adresser samt kontaktoplysningerne til de forskellige museer...","breadcrumb":{"@id":"https:\/\/msj.dk\/en\/adresser\/#breadcrumb"},"inLanguage":"en-US","potentialAction":[{"@type":"ReadAction","target":["https:\/\/msj.dk\/en\/adresser\/"]}]},{"@type":"ImageObject","inLanguage":"en-US","@id":"https:\/\/msj.dk\/en\/adresser\/#primaryimage","url":"https:\/\/msj.dk\/wp-content\/uploads\/2017\/12\/akh-cover-1.jpg","contentUrl":"https:\/\/msj.dk\/wp-content\/uploads\/2017\/12\/akh-cover-1.jpg","width":1980,"height":700},{"@type":"BreadcrumbList","@id":"https:\/\/msj.dk\/en\/adresser\/#breadcrumb","itemListElement":[{"@type":"ListItem","position":1,"name":"Hjem","item":"https:\/\/msj.dk\/en\/"},{"@type":"ListItem","position":2,"name":"Adresser"}]},{"@type":"WebSite","@id":"https:\/\/msj.dk\/#website","url":"https:\/\/msj.dk\/","name":"Museum S\u00f8nderjylland","description":"","potentialAction":[{"@type":"SearchAction","target":{"@type":"EntryPoint","urlTemplate":"https:\/\/msj.dk\/?s={search_term_string}"},"query-input":{"@type":"PropertyValueSpecification","valueRequired":true,"valueName":"search_term_string"}}],"inLanguage":"en-US"}]}},"_links":{"self":[{"href":"https:\/\/msj.dk\/en\/wp-json\/wp\/v2\/pages\/3118","targetHints":{"allow":["GET"]}}],"collection":[{"href":"https:\/\/msj.dk\/en\/wp-json\/wp\/v2\/pages"}],"about":[{"href":"https:\/\/msj.dk\/en\/wp-json\/wp\/v2\/types\/page"}],"author":[{"embeddable":true,"href":"https:\/\/msj.dk\/en\/wp-json\/wp\/v2\/users\/2"}],"replies":[{"embeddable":true,"href":"https:\/\/msj.dk\/en\/wp-json\/wp\/v2\/comments?post=3118"}],"version-history":[{"count":28,"href":"https:\/\/msj.dk\/en\/wp-json\/wp\/v2\/pages\/3118\/revisions"}],"predecessor-version":[{"id":21461,"href":"https:\/\/msj.dk\/en\/wp-json\/wp\/v2\/pages\/3118\/revisions\/21461"}],"wp:featuredmedia":[{"embeddable":true,"href":"https:\/\/msj.dk\/en\/wp-json\/wp\/v2\/media\/1291"}],"wp:attachment":[{"href":"https:\/\/msj.dk\/en\/wp-json\/wp\/v2\/media?parent=3118"}],"curies":[{"name":"wp","href":"https:\/\/api.w.org\/{rel}","templated":true}]}}