{"id":30618,"date":"2025-05-21T12:00:28","date_gmt":"2025-05-21T10:00:28","guid":{"rendered":"https:\/\/msj.dk\/?page_id=30618"},"modified":"2025-05-21T12:00:28","modified_gmt":"2025-05-21T10:00:28","slug":"museums-mysterium","status":"publish","type":"page","link":"https:\/\/msj.dk\/de\/museums-mysterium\/","title":{"rendered":"Museumsmysterium"},"content":{"rendered":"<div id=\"pl-30618\"  class=\"panel-layout\" ><div id=\"pg-30618-0\"  class=\"panel-grid panel-no-style\" ><div id=\"pgc-30618-0-0\"  class=\"panel-grid-cell\" ><div id=\"panel-30618-0-0-0\" class=\"so-panel widget widget_mtt-cover-museums panel-first-child\" data-index=\"0\" ><div\n\t\t\t\n\t\t\tclass=\"so-widget-mtt-cover-museums so-widget-mtt-cover-museums-base\"\n\t\t\t\n\t\t>\n<section class=\"mtt-cover-museums\">\n\n    <div class=\"mtt-cover-museums__inner page_container\">\n        <div class=\"mtt-cover-museums__text-container\">\n                            <h1 class=\"mtt-cover-museums__title bg-color\">\n                    <span class=\"c_prim_custom_background\">Museums Mysterium <\/span>                <\/h1>\n                                        <div class=\"mtt-cover-museums__text\">\n                    <span class=\"\"><\/span>                <\/div>\n            \n            \n                    <\/div>\n    <\/div>\n\n    \n    \n                    <div class=\"mtt-cover-museums__image-container object-fit\">\n                <img decoding=\"async\" width=\"1920\" height=\"1080\" src=\"https:\/\/msj.dk\/wp-content\/uploads\/2025\/05\/tilfoej-en-overskrift-29.jpg\" class=\"attachment-2000x2000x size-2000x2000x\" alt=\"S\u00f8nderborg Castle and two cartoon men\" srcset=\"https:\/\/msj.dk\/wp-content\/uploads\/2025\/05\/tilfoej-en-overskrift-29.jpg 1920w, https:\/\/msj.dk\/wp-content\/uploads\/2025\/05\/tilfoej-en-overskrift-29-300x169.jpg 300w, https:\/\/msj.dk\/wp-content\/uploads\/2025\/05\/tilfoej-en-overskrift-29-1024x576.jpg 1024w\" sizes=\"(max-width: 1920px) 100vw, 1920px\" \/>            <\/div>\n        \n    \n<\/section><\/div><\/div><div id=\"panel-30618-0-0-1\" class=\"so-panel widget widget_mtt-text-image-museums\" data-index=\"1\" ><div\n\t\t\t\n\t\t\tclass=\"so-widget-mtt-text-image-museums so-widget-mtt-text-image-museums-base\"\n\t\t\t\n\t\t>\n<section class=\"mtt-text-image-museums mtt-text-image-museums--image-right\">\n\n        <div class=\"mtt-text-image-museums__inner page_container\">\n            <div class=\"mtt-text-image-museums__text-container\">\n                                    <h2 class=\"mtt-text-image-museums__title bg-color\">\n                        <span class=\"c_secondary_custom_background\">Schnitzeljagd durch <\/span><br><span class=\"c_secondary_custom_background\"> das Schloss<\/span>                    <\/h2>\n                                                    <div class=\"mtt-text-image-museums__text\"><p>Schloss S\u00f8nderborg und Professor Blom brauchen Ihre Hilfe!<\/p>\n<p>Der Meisterdieb Heydenreich plant, einen der wertvollen Sch\u00e4tze des Schlosses zu stehlen. Nur Sie k\u00f6nnen ihn aufhalten \u2013 wenn Sie seine kniffligen R\u00e4tsel l\u00f6sen k\u00f6nnen. Das MuseumsMysterium ist eine Schatzsuche f\u00fcr die ganze Familie. Es nimmt Sie mit auf eine spannende Reise durch das Schloss und die Geschichte Nordschleswigs.<\/p>\n<p>Sie spielen das MuseumsMysterium mit der Useeum-App, die Sie im <a href=\"https:\/\/apps.apple.com\/dk\/app\/useeum\/id1025889573?l=da\">App Store<\/a> oder bei <a href=\"https:\/\/play.google.com\/store\/apps\/details?id=com.useeum.useeum\">Google Play<\/a> auf Ihr Smartphone herunterladen k\u00f6nnen.<\/p>\n<p>Bringen Sie Ihr iPhone oder Android-Ger\u00e4t mit, laden Sie das Spiel kostenlos im Museumsshop herunter \u2013 und machen Sie sich auf die Jagd nach dem Dieb!<\/p>\n<p>Empfohlen f\u00fcr Kinder von 6 bis 13 Jahren (in Begleitung eines Erwachsenen).<\/p>\n<\/div>\n                                \n    <div class=\"button-section\">\n\n        \n                <a href=\"https:\/\/apps.apple.com\/dk\/app\/useeum\/id1025889573?l=da\" class=\"button default-square\">Download im App Store<\/a>\n\n            \n                <a href=\"https:\/\/play.google.com\/store\/apps\/details?id=com.useeum.useeum\" class=\"button default-square\">Download im Google Play <\/a>\n\n            \n    <\/div>\n\n            <\/div>\n\n            <div class=\"mtt-text-image-museums__image-container with-image with-graphics\">\n\n                <div class=\"image object-fit\">\n                                    <\/div>\n\n                \n            <\/div>\n        <\/div>\n<\/section><\/div><\/div><div id=\"panel-30618-0-0-2\" class=\"so-panel widget widget_mtt-link-boxes panel-last-child\" data-index=\"2\" ><div\n\t\t\t\n\t\t\tclass=\"so-widget-mtt-link-boxes so-widget-mtt-link-boxes-base\"\n\t\t\t\n\t\t>\n<section class=\"link-boxes\">\n\n\t\n\t\t\t<a class=\"link-box object-fit\" href=\"https:\/\/billet.msj.dk\/billetter\" >\n\n\t\t\t\t<img decoding=\"async\" src=\"https:\/\/msj.dk\/wp-content\/uploads\/2025\/05\/1-35-768x432.jpg\" alt=\"Zum Online-ticketshop\">\n\n\t\t\t\t<div class=\"des-box\">\n\n\t\t\t\t\t\t\t\t\t\t\t<p class=\"date\">Eintrittskarte kaufen<\/p>\n\t\t\t\t\t\n\t\t\t\t\t<h3>Zum Online-ticketshop<\/h3>\n\n\t\t\t\t\t<h2><\/h2>\n\n\t\t\t\t<\/div>\n\n\t\t\t<\/a>\n\n\t\t\t\n\t\t\t<a class=\"link-box object-fit\" href=\"https:\/\/msj.dk\/de\/schloss-sonderburg\/\" >\n\n\t\t\t\t<img decoding=\"async\" src=\"https:\/\/msj.dk\/wp-content\/uploads\/2025\/05\/design-uden-navn-9-768x432.jpg\" alt=\"Mehr erfarhen\">\n\n\t\t\t\t<div class=\"des-box\">\n\n\t\t\t\t\t\t\t\t\t\t\t<p class=\"date\">Besuchen Sie Schloss Sonderburg<\/p>\n\t\t\t\t\t\n\t\t\t\t\t<h3>Mehr erfarhen<\/h3>\n\n\t\t\t\t\t<h2><\/h2>\n\n\t\t\t\t<\/div>\n\n\t\t\t<\/a>\n\n\t\t\t\n\t\t\t<a class=\"link-box object-fit\" href=\"https:\/\/msj.dk\/de\/aktivitaeten-fuer-die-ganze-familie\/\" >\n\n\t\t\t\t<img decoding=\"async\" src=\"https:\/\/msj.dk\/wp-content\/uploads\/2025\/05\/3-37-768x432.jpg\" alt=\"Zum programm \">\n\n\t\t\t\t<div class=\"des-box\">\n\n\t\t\t\t\t\t\t\t\t\t\t<p class=\"date\">Aktivit\u00e4ten f\u00fcr die ganze Famile<\/p>\n\t\t\t\t\t\n\t\t\t\t\t<h3>Zum programm <\/h3>\n\n\t\t\t\t\t<h2><\/h2>\n\n\t\t\t\t<\/div>\n\n\t\t\t<\/a>\n\n\t\t\t\n<\/section><\/div><\/div><\/div><\/div><\/div>","protected":false},"excerpt":{"rendered":"<p>Museums Mysterium Schnitzeljagd durch das Schloss Schloss S\u00f8nderborg und Professor Blom brauchen Ihre Hilfe! Der Meisterdieb Heydenreich plant, einen der wertvollen Sch\u00e4tze des Schlosses zu stehlen. Nur Sie k\u00f6nnen ihn aufhalten \u2013 wenn Sie seine kniffligen R\u00e4tsel l\u00f6sen k\u00f6nnen. Das MuseumsMysterium ist eine Schatzsuche f\u00fcr die ganze Familie. Es nimmt Sie mit auf eine spannende [&hellip;]<\/p>\n","protected":false},"author":22,"featured_media":0,"parent":0,"menu_order":0,"comment_status":"closed","ping_status":"closed","template":"","meta":{"_acf_changed":false,"inline_featured_image":false,"footnotes":""},"class_list":["post-30618","page","type-page","status-publish","hentry"],"acf":[],"yoast_head":"<!-- This site is optimized with the Yoast SEO plugin v27.2 - https:\/\/yoast.com\/product\/yoast-seo-wordpress\/ -->\n<title>Museumsmysterium - Museum S\u00f8nderjylland<\/title>\n<meta name=\"description\" content=\"Nehmen Sie am Museums Mysterium auf Schloss Sonderburg teil. Hier k\u00f6nnen gro\u00dfe und kleine Detektive ein kniffliges R\u00e4tsel l\u00f6sen\" \/>\n<meta name=\"robots\" content=\"index, follow, max-snippet:-1, max-image-preview:large, max-video-preview:-1\" \/>\n<link rel=\"canonical\" href=\"https:\/\/msj.dk\/de\/museums-mysterium\/\" \/>\n<meta property=\"og:locale\" content=\"de_DE\" \/>\n<meta property=\"og:type\" content=\"article\" \/>\n<meta property=\"og:title\" content=\"Museumsmysterium - Museum S\u00f8nderjylland\" \/>\n<meta property=\"og:description\" content=\"Nehmen Sie am Museums Mysterium auf Schloss Sonderburg teil. Hier k\u00f6nnen gro\u00dfe und kleine Detektive ein kniffliges R\u00e4tsel l\u00f6sen\" \/>\n<meta property=\"og:url\" content=\"https:\/\/msj.dk\/de\/museums-mysterium\/\" \/>\n<meta property=\"og:site_name\" content=\"Museum S\u00f8nderjylland\" \/>\n<meta name=\"twitter:card\" content=\"summary_large_image\" \/>\n<script type=\"application\/ld+json\" class=\"yoast-schema-graph\">{\"@context\":\"https:\/\/schema.org\",\"@graph\":[{\"@type\":\"WebPage\",\"@id\":\"https:\/\/msj.dk\/de\/museums-mysterium\/\",\"url\":\"https:\/\/msj.dk\/de\/museums-mysterium\/\",\"name\":\"Museumsmysterium - Museum S\u00f8nderjylland\",\"isPartOf\":{\"@id\":\"https:\/\/msj.dk\/#website\"},\"datePublished\":\"2025-05-21T10:00:28+00:00\",\"description\":\"Nehmen Sie am Museums Mysterium auf Schloss Sonderburg teil. Hier k\u00f6nnen gro\u00dfe und kleine Detektive ein kniffliges R\u00e4tsel l\u00f6sen\",\"breadcrumb\":{\"@id\":\"https:\/\/msj.dk\/de\/museums-mysterium\/#breadcrumb\"},\"inLanguage\":\"de-DE\",\"potentialAction\":[{\"@type\":\"ReadAction\",\"target\":[\"https:\/\/msj.dk\/de\/museums-mysterium\/\"]}]},{\"@type\":\"BreadcrumbList\",\"@id\":\"https:\/\/msj.dk\/de\/museums-mysterium\/#breadcrumb\",\"itemListElement\":[{\"@type\":\"ListItem\",\"position\":1,\"name\":\"Hjem\",\"item\":\"https:\/\/msj.dk\/de\/\"},{\"@type\":\"ListItem\",\"position\":2,\"name\":\"Museumsmysterium\"}]},{\"@type\":\"WebSite\",\"@id\":\"https:\/\/msj.dk\/#website\",\"url\":\"https:\/\/msj.dk\/\",\"name\":\"Museum S\u00f8nderjylland\",\"description\":\"\",\"potentialAction\":[{\"@type\":\"SearchAction\",\"target\":{\"@type\":\"EntryPoint\",\"urlTemplate\":\"https:\/\/msj.dk\/?s={search_term_string}\"},\"query-input\":{\"@type\":\"PropertyValueSpecification\",\"valueRequired\":true,\"valueName\":\"search_term_string\"}}],\"inLanguage\":\"de-DE\"}]}<\/script>\n<!-- \/ Yoast SEO plugin. -->","yoast_head_json":{"title":"Museumsmysterium - Museum S\u00f8nderjylland","description":"Nehmen Sie am Museums Mysterium auf Schloss Sonderburg teil. Hier k\u00f6nnen gro\u00dfe und kleine Detektive ein kniffliges R\u00e4tsel l\u00f6sen","robots":{"index":"index","follow":"follow","max-snippet":"max-snippet:-1","max-image-preview":"max-image-preview:large","max-video-preview":"max-video-preview:-1"},"canonical":"https:\/\/msj.dk\/de\/museums-mysterium\/","og_locale":"de_DE","og_type":"article","og_title":"Museumsmysterium - Museum S\u00f8nderjylland","og_description":"Nehmen Sie am Museums Mysterium auf Schloss Sonderburg teil. Hier k\u00f6nnen gro\u00dfe und kleine Detektive ein kniffliges R\u00e4tsel l\u00f6sen","og_url":"https:\/\/msj.dk\/de\/museums-mysterium\/","og_site_name":"Museum S\u00f8nderjylland","twitter_card":"summary_large_image","schema":{"@context":"https:\/\/schema.org","@graph":[{"@type":"WebPage","@id":"https:\/\/msj.dk\/de\/museums-mysterium\/","url":"https:\/\/msj.dk\/de\/museums-mysterium\/","name":"Museumsmysterium - Museum S\u00f8nderjylland","isPartOf":{"@id":"https:\/\/msj.dk\/#website"},"datePublished":"2025-05-21T10:00:28+00:00","description":"Nehmen Sie am Museums Mysterium auf Schloss Sonderburg teil. Hier k\u00f6nnen gro\u00dfe und kleine Detektive ein kniffliges R\u00e4tsel l\u00f6sen","breadcrumb":{"@id":"https:\/\/msj.dk\/de\/museums-mysterium\/#breadcrumb"},"inLanguage":"de-DE","potentialAction":[{"@type":"ReadAction","target":["https:\/\/msj.dk\/de\/museums-mysterium\/"]}]},{"@type":"BreadcrumbList","@id":"https:\/\/msj.dk\/de\/museums-mysterium\/#breadcrumb","itemListElement":[{"@type":"ListItem","position":1,"name":"Hjem","item":"https:\/\/msj.dk\/de\/"},{"@type":"ListItem","position":2,"name":"Museumsmysterium"}]},{"@type":"WebSite","@id":"https:\/\/msj.dk\/#website","url":"https:\/\/msj.dk\/","name":"Museum S\u00f8nderjylland","description":"","potentialAction":[{"@type":"SearchAction","target":{"@type":"EntryPoint","urlTemplate":"https:\/\/msj.dk\/?s={search_term_string}"},"query-input":{"@type":"PropertyValueSpecification","valueRequired":true,"valueName":"search_term_string"}}],"inLanguage":"de-DE"}]}},"_links":{"self":[{"href":"https:\/\/msj.dk\/de\/wp-json\/wp\/v2\/pages\/30618","targetHints":{"allow":["GET"]}}],"collection":[{"href":"https:\/\/msj.dk\/de\/wp-json\/wp\/v2\/pages"}],"about":[{"href":"https:\/\/msj.dk\/de\/wp-json\/wp\/v2\/types\/page"}],"author":[{"embeddable":true,"href":"https:\/\/msj.dk\/de\/wp-json\/wp\/v2\/users\/22"}],"replies":[{"embeddable":true,"href":"https:\/\/msj.dk\/de\/wp-json\/wp\/v2\/comments?post=30618"}],"version-history":[{"count":4,"href":"https:\/\/msj.dk\/de\/wp-json\/wp\/v2\/pages\/30618\/revisions"}],"predecessor-version":[{"id":30657,"href":"https:\/\/msj.dk\/de\/wp-json\/wp\/v2\/pages\/30618\/revisions\/30657"}],"wp:attachment":[{"href":"https:\/\/msj.dk\/de\/wp-json\/wp\/v2\/media?parent=30618"}],"curies":[{"name":"wp","href":"https:\/\/api.w.org\/{rel}","templated":true}]}}