{"id":30612,"date":"2025-05-21T09:32:54","date_gmt":"2025-05-21T07:32:54","guid":{"rendered":"https:\/\/msj.dk\/?page_id=30612"},"modified":"2025-06-13T10:14:07","modified_gmt":"2025-06-13T08:14:07","slug":"aktivitaeten-fuer-die-ganze-familie","status":"publish","type":"page","link":"https:\/\/msj.dk\/de\/aktivitaeten-fuer-die-ganze-familie\/","title":{"rendered":"Aktivit\u00e4ten f\u00fcr die ganze Familie"},"content":{"rendered":"<div id=\"pl-30612\"  class=\"panel-layout\" ><div id=\"pg-30612-0\"  class=\"panel-grid panel-no-style\" ><div id=\"pgc-30612-0-0\"  class=\"panel-grid-cell\" ><div id=\"panel-30612-0-0-0\" class=\"so-panel widget widget_mtt-cover-museums panel-first-child\" data-index=\"0\" ><div\n\t\t\t\n\t\t\tclass=\"so-widget-mtt-cover-museums so-widget-mtt-cover-museums-base\"\n\t\t\t\n\t\t>\n<section class=\"mtt-cover-museums\">\n\n    <div class=\"mtt-cover-museums__inner page_container\">\n        <div class=\"mtt-cover-museums__text-container\">\n                            <h1 class=\"mtt-cover-museums__title bg-color\">\n                    <span class=\"c_prim_custom_background\">Aktivit\u00e4ten f\u00fcr die <\/span><br><span class=\"c_prim_custom_background\"> ganze Familie <\/span><br><span class=\"c_prim_custom_background\"> im Museum S\u00f8nderjylland <\/span>                <\/h1>\n                                        <div class=\"mtt-cover-museums__text\">\n                    <span class=\"\"><\/span>                <\/div>\n            \n            \n                    <\/div>\n    <\/div>\n\n    \n    \n                    <div class=\"mtt-cover-museums__image-container object-fit\">\n                <img decoding=\"async\" width=\"1920\" height=\"1080\" src=\"https:\/\/msj.dk\/wp-content\/uploads\/2025\/05\/tilfoej-en-overskrift-25.jpg\" class=\"attachment-2000x2000x size-2000x2000x\" alt=\"Eine Familie ist unterwegs, um Fossilien zu suchen\" srcset=\"https:\/\/msj.dk\/wp-content\/uploads\/2025\/05\/tilfoej-en-overskrift-25.jpg 1920w, https:\/\/msj.dk\/wp-content\/uploads\/2025\/05\/tilfoej-en-overskrift-25-300x169.jpg 300w, https:\/\/msj.dk\/wp-content\/uploads\/2025\/05\/tilfoej-en-overskrift-25-1024x576.jpg 1024w\" sizes=\"(max-width: 1920px) 100vw, 1920px\" \/>            <\/div>\n        \n    \n<\/section><\/div><\/div><div id=\"panel-30612-0-0-1\" class=\"so-panel widget widget_mtt-text-image-museums\" data-index=\"1\" ><div\n\t\t\t\n\t\t\tclass=\"so-widget-mtt-text-image-museums so-widget-mtt-text-image-museums-base\"\n\t\t\t\n\t\t>\n<section class=\"mtt-text-image-museums mtt-text-image-museums--image-right\">\n\n        <div class=\"mtt-text-image-museums__inner page_container\">\n            <div class=\"mtt-text-image-museums__text-container\">\n                                    <h2 class=\"mtt-text-image-museums__title bg-color\">\n                        <span class=\"c_secondary_custom_background\">Programm<\/span>                    <\/h2>\n                                                    <div class=\"mtt-text-image-museums__text\"><p>Im Museum S\u00f8nderjylland finden Sie viele Erlebnisse und Aktivit\u00e4ten f\u00fcr die ganze Familie.<\/p>\n<p>Hier erhalten Sie einen vollst\u00e4ndigen \u00dcberblick \u00fcber unsere Aktivit\u00e4ten.<\/p>\n<p>Kaufen Sie Ihr Ticket f\u00fcr die F\u00fchrung vorab im Museumsshop. Tickets f\u00fcr sonstige Aktivit\u00e4ten k\u00f6nnen am Tag der Veranstaltung gekauft werden.<\/p>\n<p>Unsere 10 Museen bieten auch spannende Ausstellungen zu Kunst, Geschichte, Arch\u00e4ologie und Naturgeschichte.<\/p>\n<\/div>\n                                \n    <div class=\"button-section\">\n\n        \n                <a href=\"https:\/\/msj.dk\/de\/\" class=\"button default-square\">Mehr zum Museum S\u00f8nderjylland<\/a>\n\n            \n    <\/div>\n\n            <\/div>\n\n            <div class=\"mtt-text-image-museums__image-container with-image with-graphics\">\n\n                <div class=\"image object-fit\">\n                    <img decoding=\"async\" width=\"657\" height=\"315\" src=\"https:\/\/msj.dk\/wp-content\/uploads\/2024\/06\/1-4.jpg\" class=\"attachment-1200x1200x size-1200x1200x\" alt=\"Leute sitzen um einen Tisch und schauen sich in der Ausstellung im Schloss Sonderburg einen digitalen Bildschirm mit einem Kuchen an\" srcset=\"https:\/\/msj.dk\/wp-content\/uploads\/2024\/06\/1-4.jpg 657w, https:\/\/msj.dk\/wp-content\/uploads\/2024\/06\/1-4-300x144.jpg 300w\" sizes=\"(max-width: 657px) 100vw, 657px\" \/>                <\/div>\n\n                \n            <\/div>\n        <\/div>\n<\/section><\/div><\/div><div id=\"panel-30612-0-0-2\" class=\"so-panel widget widget_mtt-link-boxes panel-last-child\" data-index=\"2\" ><div\n\t\t\t\n\t\t\tclass=\"so-widget-mtt-link-boxes so-widget-mtt-link-boxes-base\"\n\t\t\t\n\t\t>\n<section class=\"link-boxes\">\n\n\t\n\t\t\t<a class=\"link-box object-fit\" href=\"\" >\n\n\t\t\t\t<img decoding=\"async\" src=\"https:\/\/msj.dk\/wp-content\/uploads\/2025\/05\/mal-skibsportraet-768x432.jpg\" alt=\"Kulturgeschichte Apenrade\">\n\n\t\t\t\t<div class=\"des-box\">\n\n\t\t\t\t\t\t\t\t\t\t\t<p class=\"date\">Kapit\u00e4nsbilder mahlen<\/p>\n\t\t\t\t\t\n\t\t\t\t\t<h3>Kulturgeschichte Apenrade<\/h3>\n\n\t\t\t\t\t<h2>Donnerstag bis Sonntag KW 26-32 von 12-16 Uhr<\/h2>\n\n\t\t\t\t<\/div>\n\n\t\t\t<\/a>\n\n\t\t\t\n\t\t\t<a class=\"link-box object-fit\" href=\"\" >\n\n\t\t\t\t<img decoding=\"async\" src=\"https:\/\/msj.dk\/wp-content\/uploads\/2025\/05\/2-29-768x432.jpg\" alt=\"Kunstmuseum und Kulturgeschichte Tondern\">\n\n\t\t\t\t<div class=\"des-box\">\n\n\t\t\t\t\t\t\t\t\t\t\t<p class=\"date\">Schnitzeljagd <\/p>\n\t\t\t\t\t\n\t\t\t\t\t<h3>Kunstmuseum und Kulturgeschichte Tondern<\/h3>\n\n\t\t\t\t\t<h2>Jeden Tag KW 27-32 von 10-17 Uhr  <\/h2>\n\n\t\t\t\t<\/div>\n\n\t\t\t<\/a>\n\n\t\t\t\n\t\t\t<a class=\"link-box object-fit\" href=\"\" >\n\n\t\t\t\t<img decoding=\"async\" src=\"https:\/\/msj.dk\/wp-content\/uploads\/2025\/05\/1-28-768x432.jpg\" alt=\"Kunstmuseum Schloss Brundlund\">\n\n\t\t\t\t<div class=\"des-box\">\n\n\t\t\t\t\t\t\t\t\t\t\t<p class=\"date\"> Schnitzeljagd im Schlosspark <\/p>\n\t\t\t\t\t\n\t\t\t\t\t<h3>Kunstmuseum Schloss Brundlund<\/h3>\n\n\t\t\t\t\t<h2>Jeden Tag KW 27-32 von 11-17 Uhr  <\/h2>\n\n\t\t\t\t<\/div>\n\n\t\t\t<\/a>\n\n\t\t\t\n\t\t\t<a class=\"link-box object-fit\" href=\"\" >\n\n\t\t\t\t<img decoding=\"async\" src=\"https:\/\/msj.dk\/wp-content\/uploads\/2025\/05\/3-29-768x432.jpg\" alt=\"Grammer Tongrube\">\n\n\t\t\t\t<div class=\"des-box\">\n\n\t\t\t\t\t\t\t\t\t\t\t<p class=\"date\">Fossilien suchen mit Guide<\/p>\n\t\t\t\t\t\n\t\t\t\t\t<h3>Grammer Tongrube<\/h3>\n\n\t\t\t\t\t<h2>Jeden Tag KW 27-33 von 11-16 Uhr <\/h2>\n\n\t\t\t\t<\/div>\n\n\t\t\t<\/a>\n\n\t\t\t\n\t\t\t<a class=\"link-box object-fit\" href=\"\" >\n\n\t\t\t\t<img decoding=\"async\" src=\"https:\/\/msj.dk\/wp-content\/uploads\/2025\/05\/6-768x432.jpg\" alt=\"Die M\u00fchle von H\u00f8jer \">\n\n\t\t\t\t<div class=\"des-box\">\n\n\t\t\t\t\t\t\t\t\t\t\t<p class=\"date\">Mehl mahlen <\/p>\n\t\t\t\t\t\n\t\t\t\t\t<h3>Die M\u00fchle von H\u00f8jer <\/h3>\n\n\t\t\t\t\t<h2>Jeden Dienstag KW 27-32 von 13-15 Uhr<\/h2>\n\n\t\t\t\t<\/div>\n\n\t\t\t<\/a>\n\n\t\t\t\n\t\t\t<a class=\"link-box object-fit\" href=\"\" >\n\n\t\t\t\t<img decoding=\"async\" src=\"https:\/\/msj.dk\/wp-content\/uploads\/2025\/05\/8-768x432.jpg\" alt=\"Vor dem Schloss Sonderburg\">\n\n\t\t\t\t<div class=\"des-box\">\n\n\t\t\t\t\t\t\t\t\t\t\t<p class=\"date\">Historisches Ringreiten <\/p>\n\t\t\t\t\t\n\t\t\t\t\t<h3>Vor dem Schloss Sonderburg<\/h3>\n\n\t\t\t\t\t<h2>Jeden Dienstag KW 27-32 um 17 Uhr<\/h2>\n\n\t\t\t\t<\/div>\n\n\t\t\t<\/a>\n\n\t\t\t\n\t\t\t<a class=\"link-box object-fit\" href=\"\" >\n\n\t\t\t\t<img decoding=\"async\" src=\"https:\/\/msj.dk\/wp-content\/uploads\/2025\/05\/kaephest-768x432.jpg\" alt=\"Arch\u00e4ologie Haderslev\">\n\n\t\t\t\t<div class=\"des-box\">\n\n\t\t\t\t\t\t\t\t\t\t\t<p class=\"date\">Steckenpferd basteln<\/p>\n\t\t\t\t\t\n\t\t\t\t\t<h3>Arch\u00e4ologie Haderslev<\/h3>\n\n\t\t\t\t\t<h2>Jeden Donnerstag KW 27-34 von 11-15.30 Uhr <\/h2>\n\n\t\t\t\t<\/div>\n\n\t\t\t<\/a>\n\n\t\t\t\n\t\t\t<a class=\"link-box object-fit\" href=\"\" >\n\n\t\t\t\t<img decoding=\"async\" src=\"https:\/\/msj.dk\/wp-content\/uploads\/2025\/05\/9-768x432.jpg\" alt=\"Schloss Sonderburg \">\n\n\t\t\t\t<div class=\"des-box\">\n\n\t\t\t\t\t\t\t\t\t\t\t<p class=\"date\">F\u00fchrung auf Deutsch<\/p>\n\t\t\t\t\t\n\t\t\t\t\t<h3>Schloss Sonderburg <\/h3>\n\n\t\t\t\t\t<h2>Jeden Tag KW 30-34 um 12 Uhr  <\/h2>\n\n\t\t\t\t<\/div>\n\n\t\t\t<\/a>\n\n\t\t\t\n\t\t\t<a class=\"link-box object-fit\" href=\"\" >\n\n\t\t\t\t<img decoding=\"async\" src=\"https:\/\/msj.dk\/wp-content\/uploads\/2025\/05\/7-768x432.jpg\" alt=\"Ziegelei Cathrinesminde \">\n\n\t\t\t\t<div class=\"des-box\">\n\n\t\t\t\t\t\t\t\t\t\t\t<p class=\"date\">Die lebendige Ziegelei<\/p>\n\t\t\t\t\t\n\t\t\t\t\t<h3>Ziegelei Cathrinesminde <\/h3>\n\n\t\t\t\t\t<h2>18. - 20. Juli von 10-17 Uhr<\/h2>\n\n\t\t\t\t<\/div>\n\n\t\t\t<\/a>\n\n\t\t\t\n\t\t\t<a class=\"link-box object-fit\" href=\"\" >\n\n\t\t\t\t<img decoding=\"async\" src=\"https:\/\/msj.dk\/wp-content\/uploads\/2025\/05\/10-768x432.jpg\" alt=\"Arch\u00e4ologie Haderslev\">\n\n\t\t\t\t<div class=\"des-box\">\n\n\t\t\t\t\t\t\t\t\t\t\t<p class=\"date\">Die historische Schmiede ist ge\u00f6ffnet <\/p>\n\t\t\t\t\t\n\t\t\t\t\t<h3>Arch\u00e4ologie Haderslev<\/h3>\n\n\t\t\t\t\t<h2>Jeden Dienstag KW 31-34 von 11-15 Uhr <\/h2>\n\n\t\t\t\t<\/div>\n\n\t\t\t<\/a>\n\n\t\t\t\n\t\t\t<a class=\"link-box object-fit\" href=\"\" >\n\n\t\t\t\t<img decoding=\"async\" src=\"https:\/\/msj.dk\/wp-content\/uploads\/2017\/11\/kunstvandring-768x432.jpg\" alt=\"Kunstmuseum Tondern\">\n\n\t\t\t\t<div class=\"des-box\">\n\n\t\t\t\t\t\t\t\t\t\t\t<p class=\"date\">Gef\u00fchrte Skulpturenwanderung auf Deutsch<\/p>\n\t\t\t\t\t\n\t\t\t\t\t<h3>Kunstmuseum Tondern<\/h3>\n\n\t\t\t\t\t<h2>Jeden Donnerstag KW 31-32 um 14 Uhr.<\/h2>\n\n\t\t\t\t<\/div>\n\n\t\t\t<\/a>\n\n\t\t\t\n\t\t\t<a class=\"link-box object-fit\" href=\"https:\/\/billet.msj.dk\/ferie\" >\n\n\t\t\t\t<img decoding=\"async\" src=\"https:\/\/msj.dk\/wp-content\/uploads\/2025\/05\/2-37-768x432.jpg\" alt=\"\">\n\n\t\t\t\t<div class=\"des-box\">\n\n\t\t\t\t\t\t\t\t\t\t\t<p class=\"date\">Ferienticket kaufen<\/p>\n\t\t\t\t\t\n\t\t\t\t\t<h3><\/h3>\n\n\t\t\t\t\t<h2>Zum Online-Ticketshop<\/h2>\n\n\t\t\t\t<\/div>\n\n\t\t\t<\/a>\n\n\t\t\t\n<\/section><\/div><\/div><\/div><\/div><\/div>","protected":false},"excerpt":{"rendered":"<p>Aktivit\u00e4ten f\u00fcr die ganze Familie im Museum S\u00f8nderjylland Programm Im Museum S\u00f8nderjylland finden Sie viele Erlebnisse und Aktivit\u00e4ten f\u00fcr die ganze Familie. Hier erhalten Sie einen vollst\u00e4ndigen \u00dcberblick \u00fcber unsere Aktivit\u00e4ten. Kaufen Sie Ihr Ticket f\u00fcr die F\u00fchrung vorab im Museumsshop. Tickets f\u00fcr sonstige Aktivit\u00e4ten k\u00f6nnen am Tag der Veranstaltung gekauft werden. Unsere 10 Museen [&hellip;]<\/p>\n","protected":false},"author":22,"featured_media":0,"parent":0,"menu_order":0,"comment_status":"closed","ping_status":"closed","template":"","meta":{"_acf_changed":false,"inline_featured_image":false,"footnotes":""},"class_list":["post-30612","page","type-page","status-publish","hentry"],"acf":[],"yoast_head":"<!-- This site is optimized with the Yoast SEO plugin v27.2 - https:\/\/yoast.com\/product\/yoast-seo-wordpress\/ -->\n<title>Aktivit\u00e4ten f\u00fcr die ganze Familie - Museum S\u00f8nderjylland<\/title>\n<meta name=\"description\" content=\"Im Museum S\u00f8nderjylland finden Sie viele Erlebnisse und Aktivit\u00e4ten f\u00fcr die ganze Familie. Erhalte hier den \u00dcberblick \u00fcber Aktivit\u00e4ten.\" \/>\n<meta name=\"robots\" content=\"index, follow, max-snippet:-1, max-image-preview:large, max-video-preview:-1\" \/>\n<link rel=\"canonical\" href=\"https:\/\/msj.dk\/de\/aktivitaeten-fuer-die-ganze-familie\/\" \/>\n<meta property=\"og:locale\" content=\"de_DE\" \/>\n<meta property=\"og:type\" content=\"article\" \/>\n<meta property=\"og:title\" content=\"Aktivit\u00e4ten f\u00fcr die ganze Familie - Museum S\u00f8nderjylland\" \/>\n<meta property=\"og:description\" content=\"Im Museum S\u00f8nderjylland finden Sie viele Erlebnisse und Aktivit\u00e4ten f\u00fcr die ganze Familie. Erhalte hier den \u00dcberblick \u00fcber Aktivit\u00e4ten.\" \/>\n<meta property=\"og:url\" content=\"https:\/\/msj.dk\/de\/aktivitaeten-fuer-die-ganze-familie\/\" \/>\n<meta property=\"og:site_name\" content=\"Museum S\u00f8nderjylland\" \/>\n<meta property=\"article:modified_time\" content=\"2025-06-13T08:14:07+00:00\" \/>\n<meta name=\"twitter:card\" content=\"summary_large_image\" \/>\n<meta name=\"twitter:label1\" content=\"Est. reading time\" \/>\n\t<meta name=\"twitter:data1\" content=\"4 minutes\" \/>\n<script type=\"application\/ld+json\" class=\"yoast-schema-graph\">{\"@context\":\"https:\/\/schema.org\",\"@graph\":[{\"@type\":\"WebPage\",\"@id\":\"https:\/\/msj.dk\/de\/aktivitaeten-fuer-die-ganze-familie\/\",\"url\":\"https:\/\/msj.dk\/de\/aktivitaeten-fuer-die-ganze-familie\/\",\"name\":\"Aktivit\u00e4ten f\u00fcr die ganze Familie - Museum S\u00f8nderjylland\",\"isPartOf\":{\"@id\":\"https:\/\/msj.dk\/#website\"},\"datePublished\":\"2025-05-21T07:32:54+00:00\",\"dateModified\":\"2025-06-13T08:14:07+00:00\",\"description\":\"Im Museum S\u00f8nderjylland finden Sie viele Erlebnisse und Aktivit\u00e4ten f\u00fcr die ganze Familie. Erhalte hier den \u00dcberblick \u00fcber Aktivit\u00e4ten.\",\"breadcrumb\":{\"@id\":\"https:\/\/msj.dk\/de\/aktivitaeten-fuer-die-ganze-familie\/#breadcrumb\"},\"inLanguage\":\"de-DE\",\"potentialAction\":[{\"@type\":\"ReadAction\",\"target\":[\"https:\/\/msj.dk\/de\/aktivitaeten-fuer-die-ganze-familie\/\"]}]},{\"@type\":\"BreadcrumbList\",\"@id\":\"https:\/\/msj.dk\/de\/aktivitaeten-fuer-die-ganze-familie\/#breadcrumb\",\"itemListElement\":[{\"@type\":\"ListItem\",\"position\":1,\"name\":\"Hjem\",\"item\":\"https:\/\/msj.dk\/de\/\"},{\"@type\":\"ListItem\",\"position\":2,\"name\":\"Aktivit\u00e4ten f\u00fcr die ganze Familie\"}]},{\"@type\":\"WebSite\",\"@id\":\"https:\/\/msj.dk\/#website\",\"url\":\"https:\/\/msj.dk\/\",\"name\":\"Museum S\u00f8nderjylland\",\"description\":\"\",\"potentialAction\":[{\"@type\":\"SearchAction\",\"target\":{\"@type\":\"EntryPoint\",\"urlTemplate\":\"https:\/\/msj.dk\/?s={search_term_string}\"},\"query-input\":{\"@type\":\"PropertyValueSpecification\",\"valueRequired\":true,\"valueName\":\"search_term_string\"}}],\"inLanguage\":\"de-DE\"}]}<\/script>\n<!-- \/ Yoast SEO plugin. -->","yoast_head_json":{"title":"Aktivit\u00e4ten f\u00fcr die ganze Familie - Museum S\u00f8nderjylland","description":"Im Museum S\u00f8nderjylland finden Sie viele Erlebnisse und Aktivit\u00e4ten f\u00fcr die ganze Familie. Erhalte hier den \u00dcberblick \u00fcber Aktivit\u00e4ten.","robots":{"index":"index","follow":"follow","max-snippet":"max-snippet:-1","max-image-preview":"max-image-preview:large","max-video-preview":"max-video-preview:-1"},"canonical":"https:\/\/msj.dk\/de\/aktivitaeten-fuer-die-ganze-familie\/","og_locale":"de_DE","og_type":"article","og_title":"Aktivit\u00e4ten f\u00fcr die ganze Familie - Museum S\u00f8nderjylland","og_description":"Im Museum S\u00f8nderjylland finden Sie viele Erlebnisse und Aktivit\u00e4ten f\u00fcr die ganze Familie. Erhalte hier den \u00dcberblick \u00fcber Aktivit\u00e4ten.","og_url":"https:\/\/msj.dk\/de\/aktivitaeten-fuer-die-ganze-familie\/","og_site_name":"Museum S\u00f8nderjylland","article_modified_time":"2025-06-13T08:14:07+00:00","twitter_card":"summary_large_image","twitter_misc":{"Est. reading time":"4 minutes"},"schema":{"@context":"https:\/\/schema.org","@graph":[{"@type":"WebPage","@id":"https:\/\/msj.dk\/de\/aktivitaeten-fuer-die-ganze-familie\/","url":"https:\/\/msj.dk\/de\/aktivitaeten-fuer-die-ganze-familie\/","name":"Aktivit\u00e4ten f\u00fcr die ganze Familie - Museum S\u00f8nderjylland","isPartOf":{"@id":"https:\/\/msj.dk\/#website"},"datePublished":"2025-05-21T07:32:54+00:00","dateModified":"2025-06-13T08:14:07+00:00","description":"Im Museum S\u00f8nderjylland finden Sie viele Erlebnisse und Aktivit\u00e4ten f\u00fcr die ganze Familie. Erhalte hier den \u00dcberblick \u00fcber Aktivit\u00e4ten.","breadcrumb":{"@id":"https:\/\/msj.dk\/de\/aktivitaeten-fuer-die-ganze-familie\/#breadcrumb"},"inLanguage":"de-DE","potentialAction":[{"@type":"ReadAction","target":["https:\/\/msj.dk\/de\/aktivitaeten-fuer-die-ganze-familie\/"]}]},{"@type":"BreadcrumbList","@id":"https:\/\/msj.dk\/de\/aktivitaeten-fuer-die-ganze-familie\/#breadcrumb","itemListElement":[{"@type":"ListItem","position":1,"name":"Hjem","item":"https:\/\/msj.dk\/de\/"},{"@type":"ListItem","position":2,"name":"Aktivit\u00e4ten f\u00fcr die ganze Familie"}]},{"@type":"WebSite","@id":"https:\/\/msj.dk\/#website","url":"https:\/\/msj.dk\/","name":"Museum S\u00f8nderjylland","description":"","potentialAction":[{"@type":"SearchAction","target":{"@type":"EntryPoint","urlTemplate":"https:\/\/msj.dk\/?s={search_term_string}"},"query-input":{"@type":"PropertyValueSpecification","valueRequired":true,"valueName":"search_term_string"}}],"inLanguage":"de-DE"}]}},"_links":{"self":[{"href":"https:\/\/msj.dk\/de\/wp-json\/wp\/v2\/pages\/30612","targetHints":{"allow":["GET"]}}],"collection":[{"href":"https:\/\/msj.dk\/de\/wp-json\/wp\/v2\/pages"}],"about":[{"href":"https:\/\/msj.dk\/de\/wp-json\/wp\/v2\/types\/page"}],"author":[{"embeddable":true,"href":"https:\/\/msj.dk\/de\/wp-json\/wp\/v2\/users\/22"}],"replies":[{"embeddable":true,"href":"https:\/\/msj.dk\/de\/wp-json\/wp\/v2\/comments?post=30612"}],"version-history":[{"count":10,"href":"https:\/\/msj.dk\/de\/wp-json\/wp\/v2\/pages\/30612\/revisions"}],"predecessor-version":[{"id":31191,"href":"https:\/\/msj.dk\/de\/wp-json\/wp\/v2\/pages\/30612\/revisions\/31191"}],"wp:attachment":[{"href":"https:\/\/msj.dk\/de\/wp-json\/wp\/v2\/media?parent=30612"}],"curies":[{"name":"wp","href":"https:\/\/api.w.org\/{rel}","templated":true}]}}