{"id":23988,"date":"2024-01-20T19:15:11","date_gmt":"2024-01-20T18:15:11","guid":{"rendered":"https:\/\/msj.dk\/?page_id=23988"},"modified":"2025-02-13T08:01:43","modified_gmt":"2025-02-13T07:01:43","slug":"der-olgerdige","status":"publish","type":"page","link":"https:\/\/msj.dk\/de\/der-olgerdige\/","title":{"rendered":"Der Olgerdige"},"content":{"rendered":"<div id=\"pl-23988\"  class=\"panel-layout\" ><div id=\"pg-23988-0\"  class=\"panel-grid panel-no-style\" ><div id=\"pgc-23988-0-0\"  class=\"panel-grid-cell\" ><div id=\"panel-23988-0-0-0\" class=\"so-panel widget widget_mtt-cover-museums panel-first-child panel-last-child\" data-index=\"0\" ><div\n\t\t\t\n\t\t\tclass=\"so-widget-mtt-cover-museums so-widget-mtt-cover-museums-base\"\n\t\t\t\n\t\t>\n<section class=\"mtt-cover-museums\">\n\n    <div class=\"mtt-cover-museums__inner page_container\">\n        <div class=\"mtt-cover-museums__text-container\">\n                            <h1 class=\"mtt-cover-museums__title bg-color\">\n                    <span class=\"c_prim_custom_background\">Der Olgerdige<\/span>                <\/h1>\n                                        <div class=\"mtt-cover-museums__text\">\n                    <span class=\"\"><\/span>                <\/div>\n            \n            \n                    <\/div>\n    <\/div>\n\n    \n    \n                    <div class=\"mtt-cover-museums__image-container object-fit\">\n                <img decoding=\"async\" width=\"2000\" height=\"1125\" src=\"https:\/\/msj.dk\/wp-content\/uploads\/2023\/11\/header-scaled-2000x1125.jpg\" class=\"attachment-2000x2000x size-2000x2000x\" alt=\"\" srcset=\"https:\/\/msj.dk\/wp-content\/uploads\/2023\/11\/header-scaled-2000x1125.jpg 2000w, https:\/\/msj.dk\/wp-content\/uploads\/2023\/11\/header-scaled-300x169.jpg 300w, https:\/\/msj.dk\/wp-content\/uploads\/2023\/11\/header-scaled-1024x576.jpg 1024w\" sizes=\"(max-width: 2000px) 100vw, 2000px\" \/>            <\/div>\n        \n    \n<\/section><\/div><\/div><\/div><\/div><div id=\"pg-23988-1\"  class=\"panel-grid panel-has-style\" ><div class=\"panel-row-style panel-row-style-for-23988-1\" ><div id=\"pgc-23988-1-0\"  class=\"panel-grid-cell\" ><div id=\"panel-23988-1-0-0\" class=\"so-panel widget widget_mtt-text panel-first-child panel-last-child\" data-index=\"1\" ><div\n\t\t\t\n\t\t\tclass=\"so-widget-mtt-text so-widget-mtt-text-base\"\n\t\t\t\n\t\t><div class=\"text\">\n\n    <h3>Der Olgerdige<\/h3>\n<p>Der Olgerdige ist ein Langwall, der zu einem Verteidigungs- oder Schutzsystem geh\u00f6rte, das sich quer \u00fcber J\u00fctland erstreckte. Die Anlage wurde sp\u00e4testens im Jahr 31 n.Chr. errichtet und \u00fcber 100 Jahre lang instandgehalten.<\/p>\n<p>&nbsp;<\/p>\n<p>Auf dieser Seite k\u00f6nnen Sie zwischen dem kurzen Text und den Bildunterschriften w\u00e4hlen, die auf den Tafeln zu lesen sind. Oder Sie k\u00f6nnen einen ausf\u00fchrlicheren Text ohne Bilder w\u00e4hlen.<\/p>\n\n<\/div><\/div><\/div><\/div><\/div><\/div><div id=\"pg-23988-2\"  class=\"panel-grid panel-has-style\" ><div class=\"panel-row-style panel-row-style-for-23988-2\" ><div id=\"pgc-23988-2-0\"  class=\"panel-grid-cell\" ><div id=\"panel-23988-2-0-0\" class=\"so-panel widget widget_mtt-text panel-first-child\" data-index=\"2\" ><div class=\"panel-widget-style panel-widget-style-for-23988-2-0-0\" ><div\n\t\t\t\n\t\t\tclass=\"so-widget-mtt-text so-widget-mtt-text-base\"\n\t\t\t\n\t\t><div class=\"text\">\n\n    <h4>Kurze Info<\/h4>\n\n<\/div><\/div><\/div><\/div><div id=\"panel-23988-2-0-1\" class=\"so-panel widget widget_sow-button\" data-index=\"3\" ><div class=\"panel-widget-style panel-widget-style-for-23988-2-0-1\" ><div\n\t\t\t\n\t\t\tclass=\"so-widget-sow-button so-widget-sow-button-flat-239e49f0393c-23988\"\n\t\t\t\n\t\t><div class=\"ow-button-base ow-button-align-left\"\n>\n\t\t\t<a\n\t\t\t\t\thref=\"https:\/\/msj.dk\/wp-content\/uploads\/2024\/01\/was-ist-der-olgerdige-2.pdf\"\n\t\t\t\t\tclass=\"sowb-button ow-icon-placement-left ow-button-hover\" target=\"_blank\" rel=\"noopener noreferrer\" \t>\n\t\t<span>\n\t\t\t\n\t\t\tWas ist der Olgerdige\t\t<\/span>\n\t\t\t<\/a>\n\t<\/div>\n<\/div><\/div><\/div><div id=\"panel-23988-2-0-2\" class=\"so-panel widget widget_sow-button\" data-index=\"4\" ><div class=\"panel-widget-style panel-widget-style-for-23988-2-0-2\" ><div\n\t\t\t\n\t\t\tclass=\"so-widget-sow-button so-widget-sow-button-flat-239e49f0393c-23988\"\n\t\t\t\n\t\t><div class=\"ow-button-base ow-button-align-left\"\n>\n\t\t\t<a\n\t\t\t\t\thref=\"https:\/\/msj.dk\/wp-content\/uploads\/2024\/01\/wie-hat-der-olgerdige-ausgesehen-2.pdf\"\n\t\t\t\t\tclass=\"sowb-button ow-icon-placement-left ow-button-hover\" target=\"_blank\" rel=\"noopener noreferrer\" \t>\n\t\t<span>\n\t\t\t\n\t\t\tWie hat der Olgerdige ausgesehen\t\t<\/span>\n\t\t\t<\/a>\n\t<\/div>\n<\/div><\/div><\/div><div id=\"panel-23988-2-0-3\" class=\"so-panel widget widget_sow-button\" data-index=\"5\" ><div class=\"panel-widget-style panel-widget-style-for-23988-2-0-3\" ><div\n\t\t\t\n\t\t\tclass=\"so-widget-sow-button so-widget-sow-button-flat-239e49f0393c-23988\"\n\t\t\t\n\t\t><div class=\"ow-button-base ow-button-align-left\"\n>\n\t\t\t<a\n\t\t\t\t\thref=\"https:\/\/msj.dk\/wp-content\/uploads\/2024\/01\/wie-alt-ist-der-olgerdige-2.pdf\"\n\t\t\t\t\tclass=\"sowb-button ow-icon-placement-left ow-button-hover\" target=\"_blank\" rel=\"noopener noreferrer\" \t>\n\t\t<span>\n\t\t\t\n\t\t\tWie alt ist der Olgerdige\t\t<\/span>\n\t\t\t<\/a>\n\t<\/div>\n<\/div><\/div><\/div><div id=\"panel-23988-2-0-4\" class=\"so-panel widget widget_sow-button\" data-index=\"6\" ><div class=\"panel-widget-style panel-widget-style-for-23988-2-0-4\" ><div\n\t\t\t\n\t\t\tclass=\"so-widget-sow-button so-widget-sow-button-flat-239e49f0393c-23988\"\n\t\t\t\n\t\t><div class=\"ow-button-base ow-button-align-left\"\n>\n\t\t\t<a\n\t\t\t\t\thref=\"https:\/\/msj.dk\/wp-content\/uploads\/2024\/01\/wer-hat-den-olgerdige-gebaut-2.pdf\"\n\t\t\t\t\tclass=\"sowb-button ow-icon-placement-left ow-button-hover\" target=\"_blank\" rel=\"noopener noreferrer\" \t>\n\t\t<span>\n\t\t\t\n\t\t\tWer hat den Olgerdige gebaut\t\t<\/span>\n\t\t\t<\/a>\n\t<\/div>\n<\/div><\/div><\/div><div id=\"panel-23988-2-0-5\" class=\"so-panel widget widget_sow-button\" data-index=\"7\" ><div class=\"panel-widget-style panel-widget-style-for-23988-2-0-5\" ><div\n\t\t\t\n\t\t\tclass=\"so-widget-sow-button so-widget-sow-button-flat-239e49f0393c-23988\"\n\t\t\t\n\t\t><div class=\"ow-button-base ow-button-align-left\"\n>\n\t\t\t<a\n\t\t\t\t\thref=\"https:\/\/msj.dk\/wp-content\/uploads\/2024\/01\/wofur-wurde-der-olgerdige-verwendet-2.pdf\"\n\t\t\t\t\tclass=\"sowb-button ow-icon-placement-left ow-button-hover\" target=\"_blank\" rel=\"noopener noreferrer\" \t>\n\t\t<span>\n\t\t\t\n\t\t\tWof\u00fcr wurde der Olgerdige verwendet?\t\t<\/span>\n\t\t\t<\/a>\n\t<\/div>\n<\/div><\/div><\/div><div id=\"panel-23988-2-0-6\" class=\"so-panel widget widget_sow-button\" data-index=\"8\" ><div class=\"panel-widget-style panel-widget-style-for-23988-2-0-6\" ><div\n\t\t\t\n\t\t\tclass=\"so-widget-sow-button so-widget-sow-button-flat-239e49f0393c-23988\"\n\t\t\t\n\t\t><div class=\"ow-button-base ow-button-align-left\"\n>\n\t\t\t<a\n\t\t\t\t\thref=\"https:\/\/msj.dk\/wp-content\/uploads\/2024\/01\/langwalle-ringburgen-und-seesperren-2.pdf\"\n\t\t\t\t\tclass=\"sowb-button ow-icon-placement-left ow-button-hover\" target=\"_blank\" rel=\"noopener noreferrer\" \t>\n\t\t<span>\n\t\t\t\n\t\t\tLangw\u00e4lle, Ringburgen und Seesperren\t\t<\/span>\n\t\t\t<\/a>\n\t<\/div>\n<\/div><\/div><\/div><div id=\"panel-23988-2-0-7\" class=\"so-panel widget widget_sow-button\" data-index=\"9\" ><div class=\"panel-widget-style panel-widget-style-for-23988-2-0-7\" ><div\n\t\t\t\n\t\t\tclass=\"so-widget-sow-button so-widget-sow-button-flat-239e49f0393c-23988\"\n\t\t\t\n\t\t><div class=\"ow-button-base ow-button-align-left\"\n>\n\t\t\t<a\n\t\t\t\t\thref=\"https:\/\/msj.dk\/wp-content\/uploads\/2024\/01\/wie-ist-der-olgerdige-zu-verstehen-2.pdf\"\n\t\t\t\t\tclass=\"sowb-button ow-icon-placement-left ow-button-hover\" target=\"_blank\" rel=\"noopener noreferrer\" \t>\n\t\t<span>\n\t\t\t\n\t\t\tWie ist der Olgerdige zu verstehen?\t\t<\/span>\n\t\t\t<\/a>\n\t<\/div>\n<\/div><\/div><\/div><div id=\"panel-23988-2-0-8\" class=\"so-panel widget widget_sow-button panel-last-child\" data-index=\"10\" ><div class=\"panel-widget-style panel-widget-style-for-23988-2-0-8\" ><div\n\t\t\t\n\t\t\tclass=\"so-widget-sow-button so-widget-sow-button-flat-239e49f0393c-23988\"\n\t\t\t\n\t\t><div class=\"ow-button-base ow-button-align-left\"\n>\n\t\t\t<a\n\t\t\t\t\thref=\"https:\/\/msj.dk\/wp-content\/uploads\/2024\/01\/warum-wurde-der-olgerdige-hier-nachgebaut-2.pdf\"\n\t\t\t\t\tclass=\"sowb-button ow-icon-placement-left ow-button-hover\" target=\"_blank\" rel=\"noopener noreferrer\" \t>\n\t\t<span>\n\t\t\t\n\t\t\tWarum wurde der Olgerdige hier nachgebaut?\t\t<\/span>\n\t\t\t<\/a>\n\t<\/div>\n<\/div><\/div><\/div><\/div><div id=\"pgc-23988-2-1\"  class=\"panel-grid-cell\" ><div id=\"panel-23988-2-1-0\" class=\"so-panel widget widget_mtt-text panel-first-child\" data-index=\"11\" ><div class=\"panel-widget-style panel-widget-style-for-23988-2-1-0\" ><div\n\t\t\t\n\t\t\tclass=\"so-widget-mtt-text so-widget-mtt-text-base\"\n\t\t\t\n\t\t><div class=\"text\">\n\n    <h4>Ausf\u00fchrliche Info<\/h4>\n\n<\/div><\/div><\/div><\/div><div id=\"panel-23988-2-1-1\" class=\"so-panel widget widget_sow-button\" data-index=\"12\" ><div class=\"panel-widget-style panel-widget-style-for-23988-2-1-1\" ><div\n\t\t\t\n\t\t\tclass=\"so-widget-sow-button so-widget-sow-button-flat-239e49f0393c-23988\"\n\t\t\t\n\t\t><div class=\"ow-button-base ow-button-align-left\"\n>\n\t\t\t<a\n\t\t\t\t\thref=\"https:\/\/msj.dk\/wp-content\/uploads\/2024\/01\/was-ist-der-olgerdige-3.pdf\"\n\t\t\t\t\tclass=\"sowb-button ow-icon-placement-left ow-button-hover\" target=\"_blank\" rel=\"noopener noreferrer\" \t>\n\t\t<span>\n\t\t\t\n\t\t\tWas ist der Olgerdige\t\t<\/span>\n\t\t\t<\/a>\n\t<\/div>\n<\/div><\/div><\/div><div id=\"panel-23988-2-1-2\" class=\"so-panel widget widget_sow-button\" data-index=\"13\" ><div class=\"panel-widget-style panel-widget-style-for-23988-2-1-2\" ><div\n\t\t\t\n\t\t\tclass=\"so-widget-sow-button so-widget-sow-button-flat-239e49f0393c-23988\"\n\t\t\t\n\t\t><div class=\"ow-button-base ow-button-align-left\"\n>\n\t\t\t<a\n\t\t\t\t\thref=\"https:\/\/msj.dk\/wp-content\/uploads\/2024\/01\/wie-hat-der-olgerdige-ausgesehen-3.pdf\"\n\t\t\t\t\tclass=\"sowb-button ow-icon-placement-left ow-button-hover\" target=\"_blank\" rel=\"noopener noreferrer\" \t>\n\t\t<span>\n\t\t\t\n\t\t\tWie hat der Olgerdige ausgesehen\t\t<\/span>\n\t\t\t<\/a>\n\t<\/div>\n<\/div><\/div><\/div><div id=\"panel-23988-2-1-3\" class=\"so-panel widget widget_sow-button\" data-index=\"14\" ><div class=\"panel-widget-style panel-widget-style-for-23988-2-1-3\" ><div\n\t\t\t\n\t\t\tclass=\"so-widget-sow-button so-widget-sow-button-flat-239e49f0393c-23988\"\n\t\t\t\n\t\t><div class=\"ow-button-base ow-button-align-left\"\n>\n\t\t\t<a\n\t\t\t\t\thref=\"https:\/\/msj.dk\/wp-content\/uploads\/2024\/01\/wie-alt-ist-der-olgerdige-3.pdf\"\n\t\t\t\t\tclass=\"sowb-button ow-icon-placement-left ow-button-hover\" target=\"_blank\" rel=\"noopener noreferrer\" \t>\n\t\t<span>\n\t\t\t\n\t\t\tWie alt ist der Olgerdige\t\t<\/span>\n\t\t\t<\/a>\n\t<\/div>\n<\/div><\/div><\/div><div id=\"panel-23988-2-1-4\" class=\"so-panel widget widget_sow-button\" data-index=\"15\" ><div class=\"panel-widget-style panel-widget-style-for-23988-2-1-4\" ><div\n\t\t\t\n\t\t\tclass=\"so-widget-sow-button so-widget-sow-button-flat-239e49f0393c-23988\"\n\t\t\t\n\t\t><div class=\"ow-button-base ow-button-align-left\"\n>\n\t\t\t<a\n\t\t\t\t\thref=\"https:\/\/msj.dk\/wp-content\/uploads\/2024\/01\/wer-hat-den-olgerdige-gebaut-3.pdf\"\n\t\t\t\t\tclass=\"sowb-button ow-icon-placement-left ow-button-hover\" target=\"_blank\" rel=\"noopener noreferrer\" \t>\n\t\t<span>\n\t\t\t\n\t\t\tWer hat den Olgerdige gebaut\t\t<\/span>\n\t\t\t<\/a>\n\t<\/div>\n<\/div><\/div><\/div><div id=\"panel-23988-2-1-5\" class=\"so-panel widget widget_sow-button\" data-index=\"16\" ><div class=\"panel-widget-style panel-widget-style-for-23988-2-1-5\" ><div\n\t\t\t\n\t\t\tclass=\"so-widget-sow-button so-widget-sow-button-flat-239e49f0393c-23988\"\n\t\t\t\n\t\t><div class=\"ow-button-base ow-button-align-left\"\n>\n\t\t\t<a\n\t\t\t\t\thref=\"https:\/\/msj.dk\/wp-content\/uploads\/2024\/01\/wofur-wurde-der-olgerdige-verwendet-3.pdf\"\n\t\t\t\t\tclass=\"sowb-button ow-icon-placement-left ow-button-hover\" target=\"_blank\" rel=\"noopener noreferrer\" \t>\n\t\t<span>\n\t\t\t\n\t\t\tWof\u00fcr wurde der Olgerdige verwendet?\t\t<\/span>\n\t\t\t<\/a>\n\t<\/div>\n<\/div><\/div><\/div><div id=\"panel-23988-2-1-6\" class=\"so-panel widget widget_sow-button\" data-index=\"17\" ><div class=\"panel-widget-style panel-widget-style-for-23988-2-1-6\" ><div\n\t\t\t\n\t\t\tclass=\"so-widget-sow-button so-widget-sow-button-flat-239e49f0393c-23988\"\n\t\t\t\n\t\t><div class=\"ow-button-base ow-button-align-left\"\n>\n\t\t\t<a\n\t\t\t\t\thref=\"https:\/\/msj.dk\/wp-content\/uploads\/2024\/01\/langwalle-ringburgen-und-seesperren-3.pdf\"\n\t\t\t\t\tclass=\"sowb-button ow-icon-placement-left ow-button-hover\" target=\"_blank\" rel=\"noopener noreferrer\" \t>\n\t\t<span>\n\t\t\t\n\t\t\tLangw\u00e4lle, Ringburgen und Seesperren\t\t<\/span>\n\t\t\t<\/a>\n\t<\/div>\n<\/div><\/div><\/div><div id=\"panel-23988-2-1-7\" class=\"so-panel widget widget_sow-button\" data-index=\"18\" ><div class=\"panel-widget-style panel-widget-style-for-23988-2-1-7\" ><div\n\t\t\t\n\t\t\tclass=\"so-widget-sow-button so-widget-sow-button-flat-239e49f0393c-23988\"\n\t\t\t\n\t\t><div class=\"ow-button-base ow-button-align-left\"\n>\n\t\t\t<a\n\t\t\t\t\thref=\"https:\/\/msj.dk\/wp-content\/uploads\/2024\/01\/wie-ist-der-olgerdige-zu-verstehen-3.pdf\"\n\t\t\t\t\tclass=\"sowb-button ow-icon-placement-left ow-button-hover\" target=\"_blank\" rel=\"noopener noreferrer\" \t>\n\t\t<span>\n\t\t\t\n\t\t\tWie ist der Olgerdige zu verstehen?\t\t<\/span>\n\t\t\t<\/a>\n\t<\/div>\n<\/div><\/div><\/div><div id=\"panel-23988-2-1-8\" class=\"so-panel widget widget_sow-button panel-last-child\" data-index=\"19\" ><div class=\"panel-widget-style panel-widget-style-for-23988-2-1-8\" ><div\n\t\t\t\n\t\t\tclass=\"so-widget-sow-button so-widget-sow-button-flat-239e49f0393c-23988\"\n\t\t\t\n\t\t><div class=\"ow-button-base ow-button-align-left\"\n>\n\t\t\t<a\n\t\t\t\t\thref=\"https:\/\/msj.dk\/wp-content\/uploads\/2024\/01\/warum-wurde-der-olgerdige-hier-nachgebaut-3.pdf\"\n\t\t\t\t\tclass=\"sowb-button ow-icon-placement-left ow-button-hover\" target=\"_blank\" rel=\"noopener noreferrer\" \t>\n\t\t<span>\n\t\t\t\n\t\t\tWarum wurde der Olgerdige hier nachgebaut?\t\t<\/span>\n\t\t\t<\/a>\n\t<\/div>\n<\/div><\/div><\/div><\/div><\/div><\/div><\/div>","protected":false},"excerpt":{"rendered":"<p>Der Olgerdige Der Olgerdige Der Olgerdige ist ein Langwall, der zu einem Verteidigungs- oder Schutzsystem geh\u00f6rte, das sich quer \u00fcber J\u00fctland erstreckte. Die Anlage wurde sp\u00e4testens im Jahr 31 n.Chr. errichtet und \u00fcber 100 Jahre lang instandgehalten. &nbsp; Auf dieser Seite k\u00f6nnen Sie zwischen dem kurzen Text und den Bildunterschriften w\u00e4hlen, die auf den Tafeln [&hellip;]<\/p>\n","protected":false},"author":22,"featured_media":0,"parent":0,"menu_order":0,"comment_status":"closed","ping_status":"closed","template":"","meta":{"_acf_changed":false,"inline_featured_image":false,"footnotes":""},"class_list":["post-23988","page","type-page","status-publish","hentry"],"acf":[],"yoast_head":"<!-- This site is optimized with the Yoast SEO plugin v27.2 - https:\/\/yoast.com\/product\/yoast-seo-wordpress\/ -->\n<title>Der Olgerdige - Museum S\u00f8nderjylland<\/title>\n<meta name=\"robots\" content=\"noindex, nofollow\" \/>\n<meta property=\"og:locale\" content=\"de_DE\" \/>\n<meta property=\"og:type\" content=\"article\" \/>\n<meta property=\"og:title\" content=\"Der Olgerdige - Museum S\u00f8nderjylland\" \/>\n<meta property=\"og:description\" content=\"Der Olgerdige Der Olgerdige Der Olgerdige ist ein Langwall, der zu einem Verteidigungs- oder Schutzsystem geh\u00f6rte, das sich quer \u00fcber J\u00fctland erstreckte. Die Anlage wurde sp\u00e4testens im Jahr 31 n.Chr. errichtet und \u00fcber 100 Jahre lang instandgehalten. &nbsp; Auf dieser Seite k\u00f6nnen Sie zwischen dem kurzen Text und den Bildunterschriften w\u00e4hlen, die auf den Tafeln [&hellip;]\" \/>\n<meta property=\"og:url\" content=\"https:\/\/msj.dk\/de\/der-olgerdige\/\" \/>\n<meta property=\"og:site_name\" content=\"Museum S\u00f8nderjylland\" \/>\n<meta property=\"article:modified_time\" content=\"2025-02-13T07:01:43+00:00\" \/>\n<meta name=\"twitter:card\" content=\"summary_large_image\" \/>\n<meta name=\"twitter:label1\" content=\"Est. reading time\" \/>\n\t<meta name=\"twitter:data1\" content=\"2 minutes\" \/>\n<script type=\"application\/ld+json\" class=\"yoast-schema-graph\">{\"@context\":\"https:\/\/schema.org\",\"@graph\":[{\"@type\":\"WebPage\",\"@id\":\"https:\/\/msj.dk\/de\/der-olgerdige\/\",\"url\":\"https:\/\/msj.dk\/de\/der-olgerdige\/\",\"name\":\"Der Olgerdige - Museum S\u00f8nderjylland\",\"isPartOf\":{\"@id\":\"https:\/\/msj.dk\/#website\"},\"datePublished\":\"2024-01-20T18:15:11+00:00\",\"dateModified\":\"2025-02-13T07:01:43+00:00\",\"breadcrumb\":{\"@id\":\"https:\/\/msj.dk\/de\/der-olgerdige\/#breadcrumb\"},\"inLanguage\":\"de-DE\",\"potentialAction\":[{\"@type\":\"ReadAction\",\"target\":[\"https:\/\/msj.dk\/de\/der-olgerdige\/\"]}]},{\"@type\":\"BreadcrumbList\",\"@id\":\"https:\/\/msj.dk\/de\/der-olgerdige\/#breadcrumb\",\"itemListElement\":[{\"@type\":\"ListItem\",\"position\":1,\"name\":\"Hjem\",\"item\":\"https:\/\/msj.dk\/de\/\"},{\"@type\":\"ListItem\",\"position\":2,\"name\":\"Der Olgerdige\"}]},{\"@type\":\"WebSite\",\"@id\":\"https:\/\/msj.dk\/#website\",\"url\":\"https:\/\/msj.dk\/\",\"name\":\"Museum S\u00f8nderjylland\",\"description\":\"\",\"potentialAction\":[{\"@type\":\"SearchAction\",\"target\":{\"@type\":\"EntryPoint\",\"urlTemplate\":\"https:\/\/msj.dk\/?s={search_term_string}\"},\"query-input\":{\"@type\":\"PropertyValueSpecification\",\"valueRequired\":true,\"valueName\":\"search_term_string\"}}],\"inLanguage\":\"de-DE\"}]}<\/script>\n<!-- \/ Yoast SEO plugin. -->","yoast_head_json":{"title":"Der Olgerdige - Museum S\u00f8nderjylland","robots":{"index":"noindex","follow":"nofollow"},"og_locale":"de_DE","og_type":"article","og_title":"Der Olgerdige - Museum S\u00f8nderjylland","og_description":"Der Olgerdige Der Olgerdige Der Olgerdige ist ein Langwall, der zu einem Verteidigungs- oder Schutzsystem geh\u00f6rte, das sich quer \u00fcber J\u00fctland erstreckte. Die Anlage wurde sp\u00e4testens im Jahr 31 n.Chr. errichtet und \u00fcber 100 Jahre lang instandgehalten. &nbsp; Auf dieser Seite k\u00f6nnen Sie zwischen dem kurzen Text und den Bildunterschriften w\u00e4hlen, die auf den Tafeln [&hellip;]","og_url":"https:\/\/msj.dk\/de\/der-olgerdige\/","og_site_name":"Museum S\u00f8nderjylland","article_modified_time":"2025-02-13T07:01:43+00:00","twitter_card":"summary_large_image","twitter_misc":{"Est. reading time":"2 minutes"},"schema":{"@context":"https:\/\/schema.org","@graph":[{"@type":"WebPage","@id":"https:\/\/msj.dk\/de\/der-olgerdige\/","url":"https:\/\/msj.dk\/de\/der-olgerdige\/","name":"Der Olgerdige - Museum S\u00f8nderjylland","isPartOf":{"@id":"https:\/\/msj.dk\/#website"},"datePublished":"2024-01-20T18:15:11+00:00","dateModified":"2025-02-13T07:01:43+00:00","breadcrumb":{"@id":"https:\/\/msj.dk\/de\/der-olgerdige\/#breadcrumb"},"inLanguage":"de-DE","potentialAction":[{"@type":"ReadAction","target":["https:\/\/msj.dk\/de\/der-olgerdige\/"]}]},{"@type":"BreadcrumbList","@id":"https:\/\/msj.dk\/de\/der-olgerdige\/#breadcrumb","itemListElement":[{"@type":"ListItem","position":1,"name":"Hjem","item":"https:\/\/msj.dk\/de\/"},{"@type":"ListItem","position":2,"name":"Der Olgerdige"}]},{"@type":"WebSite","@id":"https:\/\/msj.dk\/#website","url":"https:\/\/msj.dk\/","name":"Museum S\u00f8nderjylland","description":"","potentialAction":[{"@type":"SearchAction","target":{"@type":"EntryPoint","urlTemplate":"https:\/\/msj.dk\/?s={search_term_string}"},"query-input":{"@type":"PropertyValueSpecification","valueRequired":true,"valueName":"search_term_string"}}],"inLanguage":"de-DE"}]}},"_links":{"self":[{"href":"https:\/\/msj.dk\/de\/wp-json\/wp\/v2\/pages\/23988","targetHints":{"allow":["GET"]}}],"collection":[{"href":"https:\/\/msj.dk\/de\/wp-json\/wp\/v2\/pages"}],"about":[{"href":"https:\/\/msj.dk\/de\/wp-json\/wp\/v2\/types\/page"}],"author":[{"embeddable":true,"href":"https:\/\/msj.dk\/de\/wp-json\/wp\/v2\/users\/22"}],"replies":[{"embeddable":true,"href":"https:\/\/msj.dk\/de\/wp-json\/wp\/v2\/comments?post=23988"}],"version-history":[{"count":10,"href":"https:\/\/msj.dk\/de\/wp-json\/wp\/v2\/pages\/23988\/revisions"}],"predecessor-version":[{"id":24206,"href":"https:\/\/msj.dk\/de\/wp-json\/wp\/v2\/pages\/23988\/revisions\/24206"}],"wp:attachment":[{"href":"https:\/\/msj.dk\/de\/wp-json\/wp\/v2\/media?parent=23988"}],"curies":[{"name":"wp","href":"https:\/\/api.w.org\/{rel}","templated":true}]}}